{"id":13436,"date":"2025-01-18T05:55:38","date_gmt":"2025-01-18T04:55:38","guid":{"rendered":"https:\/\/beetrip.pro\/personaliza-el-dominio-de-tus-espacios-para-viajeros\/"},"modified":"2025-01-18T05:55:42","modified_gmt":"2025-01-18T04:55:42","slug":"personaliza-el-dominio-de-tus-espacios-para-viajeros","status":"publish","type":"page","link":"https:\/\/beetrip.pro\/es\/personaliza-el-dominio-de-tus-espacios-para-viajeros\/","title":{"rendered":"Personaliza el dominio de tus espacios para viajeros"},"content":{"rendered":"\t\t<div data-elementor-type=\"wp-page\" data-elementor-id=\"13436\" class=\"elementor elementor-13436 elementor-7768\" data-elementor-post-type=\"page\">\n\t\t\t\t\t\t<section class=\"elementor-section elementor-top-section elementor-element elementor-element-2b1d0ed elementor-section-height-min-height elementor-section-boxed elementor-section-height-default elementor-section-items-middle\" data-id=\"2b1d0ed\" data-element_type=\"section\" data-e-type=\"section\" data-settings=\"{&quot;background_background&quot;:&quot;classic&quot;,&quot;shape_divider_bottom&quot;:&quot;waves&quot;,&quot;jet_parallax_layout_list&quot;:[{&quot;jet_parallax_layout_image&quot;:{&quot;url&quot;:&quot;&quot;,&quot;id&quot;:&quot;&quot;,&quot;size&quot;:&quot;&quot;},&quot;_id&quot;:&quot;a4c46c0&quot;,&quot;jet_parallax_layout_image_tablet&quot;:{&quot;url&quot;:&quot;&quot;,&quot;id&quot;:&quot;&quot;,&quot;size&quot;:&quot;&quot;},&quot;jet_parallax_layout_image_mobile&quot;:{&quot;url&quot;:&quot;&quot;,&quot;id&quot;:&quot;&quot;,&quot;size&quot;:&quot;&quot;},&quot;jet_parallax_layout_speed&quot;:{&quot;unit&quot;:&quot;%&quot;,&quot;size&quot;:50,&quot;sizes&quot;:[]},&quot;jet_parallax_layout_type&quot;:&quot;scroll&quot;,&quot;jet_parallax_layout_direction&quot;:&quot;1&quot;,&quot;jet_parallax_layout_fx_direction&quot;:null,&quot;jet_parallax_layout_z_index&quot;:&quot;&quot;,&quot;jet_parallax_layout_bg_x&quot;:50,&quot;jet_parallax_layout_bg_x_tablet&quot;:&quot;&quot;,&quot;jet_parallax_layout_bg_x_mobile&quot;:&quot;&quot;,&quot;jet_parallax_layout_bg_y&quot;:50,&quot;jet_parallax_layout_bg_y_tablet&quot;:&quot;&quot;,&quot;jet_parallax_layout_bg_y_mobile&quot;:&quot;&quot;,&quot;jet_parallax_layout_bg_size&quot;:&quot;auto&quot;,&quot;jet_parallax_layout_bg_size_tablet&quot;:&quot;&quot;,&quot;jet_parallax_layout_bg_size_mobile&quot;:&quot;&quot;,&quot;jet_parallax_layout_animation_prop&quot;:&quot;transform&quot;,&quot;jet_parallax_layout_on&quot;:[&quot;desktop&quot;,&quot;tablet&quot;]}]}\">\n\t\t\t\t\t\t\t<div class=\"elementor-background-overlay\"><\/div>\n\t\t\t\t\t\t<div class=\"elementor-shape elementor-shape-bottom\" aria-hidden=\"true\" data-negative=\"false\">\n\t\t\t<svg xmlns=\"http:\/\/www.w3.org\/2000\/svg\" viewBox=\"0 0 1000 100\" preserveAspectRatio=\"none\">\n\t<path class=\"elementor-shape-fill\" d=\"M421.9,6.5c22.6-2.5,51.5,0.4,75.5,5.3c23.6,4.9,70.9,23.5,100.5,35.7c75.8,32.2,133.7,44.5,192.6,49.7\n\tc23.6,2.1,48.7,3.5,103.4-2.5c54.7-6,106.2-25.6,106.2-25.6V0H0v30.3c0,0,72,32.6,158.4,30.5c39.2-0.7,92.8-6.7,134-22.4\n\tc21.2-8.1,52.2-18.2,79.7-24.2C399.3,7.9,411.6,7.5,421.9,6.5z\"\/>\n<\/svg>\t\t<\/div>\n\t\t\t\t\t<div class=\"elementor-container elementor-column-gap-default\">\n\t\t\t\t\t<div class=\"elementor-column elementor-col-100 elementor-top-column elementor-element elementor-element-22583b8\" data-id=\"22583b8\" data-element_type=\"column\" data-e-type=\"column\">\n\t\t\t<div class=\"elementor-widget-wrap elementor-element-populated\">\n\t\t\t\t\t\t<div class=\"elementor-element elementor-element-d3fe27b elementor-widget elementor-widget-heading\" data-id=\"d3fe27b\" data-element_type=\"widget\" data-e-type=\"widget\" data-widget_type=\"heading.default\">\n\t\t\t\t<div class=\"elementor-widget-container\">\n\t\t\t\t\t<h1 class=\"elementor-heading-title elementor-size-default\">Personaliza el dominio de tus espacios para viajeros<\/h1>\t\t\t\t<\/div>\n\t\t\t\t<\/div>\n\t\t\t\t\t<\/div>\n\t\t<\/div>\n\t\t\t\t\t<\/div>\n\t\t<\/section>\n\t\t\t\t<section class=\"elementor-section elementor-top-section elementor-element elementor-element-a8ae951 elementor-section-boxed elementor-section-height-default elementor-section-height-default\" data-id=\"a8ae951\" data-element_type=\"section\" data-e-type=\"section\" data-settings=\"{&quot;jet_parallax_layout_list&quot;:[{&quot;jet_parallax_layout_image&quot;:{&quot;url&quot;:&quot;&quot;,&quot;id&quot;:&quot;&quot;,&quot;size&quot;:&quot;&quot;},&quot;_id&quot;:&quot;3af6972&quot;,&quot;jet_parallax_layout_image_tablet&quot;:{&quot;url&quot;:&quot;&quot;,&quot;id&quot;:&quot;&quot;,&quot;size&quot;:&quot;&quot;},&quot;jet_parallax_layout_image_mobile&quot;:{&quot;url&quot;:&quot;&quot;,&quot;id&quot;:&quot;&quot;,&quot;size&quot;:&quot;&quot;},&quot;jet_parallax_layout_speed&quot;:{&quot;unit&quot;:&quot;%&quot;,&quot;size&quot;:50,&quot;sizes&quot;:[]},&quot;jet_parallax_layout_type&quot;:&quot;scroll&quot;,&quot;jet_parallax_layout_direction&quot;:&quot;1&quot;,&quot;jet_parallax_layout_fx_direction&quot;:null,&quot;jet_parallax_layout_z_index&quot;:&quot;&quot;,&quot;jet_parallax_layout_bg_x&quot;:50,&quot;jet_parallax_layout_bg_x_tablet&quot;:&quot;&quot;,&quot;jet_parallax_layout_bg_x_mobile&quot;:&quot;&quot;,&quot;jet_parallax_layout_bg_y&quot;:50,&quot;jet_parallax_layout_bg_y_tablet&quot;:&quot;&quot;,&quot;jet_parallax_layout_bg_y_mobile&quot;:&quot;&quot;,&quot;jet_parallax_layout_bg_size&quot;:&quot;auto&quot;,&quot;jet_parallax_layout_bg_size_tablet&quot;:&quot;&quot;,&quot;jet_parallax_layout_bg_size_mobile&quot;:&quot;&quot;,&quot;jet_parallax_layout_animation_prop&quot;:&quot;transform&quot;,&quot;jet_parallax_layout_on&quot;:[&quot;desktop&quot;,&quot;tablet&quot;]}]}\">\n\t\t\t\t\t\t<div class=\"elementor-container elementor-column-gap-default\">\n\t\t\t\t\t<div class=\"elementor-column elementor-col-100 elementor-top-column elementor-element elementor-element-5996c29\" data-id=\"5996c29\" data-element_type=\"column\" data-e-type=\"column\" data-settings=\"{&quot;background_background&quot;:&quot;classic&quot;}\">\n\t\t\t<div class=\"elementor-widget-wrap elementor-element-populated\">\n\t\t\t\t\t\t<div class=\"elementor-element elementor-element-4932853 elementor-widget elementor-widget-image\" data-id=\"4932853\" data-element_type=\"widget\" data-e-type=\"widget\" data-widget_type=\"image.default\">\n\t\t\t\t<div class=\"elementor-widget-container\">\n\t\t\t\t\t\t\t\t\t\t\t\t\t\t\t<img decoding=\"async\" src=\"https:\/\/beetrip.pro\/wp-content\/uploads\/2021\/09\/font.svg\" title=\"font\" alt=\"font\" loading=\"lazy\" \/>\t\t\t\t\t\t\t\t\t\t\t\t\t\t\t<\/div>\n\t\t\t\t<\/div>\n\t\t\t\t<div class=\"elementor-element elementor-element-4bb28b3 elementor-widget elementor-widget-heading\" data-id=\"4bb28b3\" data-element_type=\"widget\" data-e-type=\"widget\" data-widget_type=\"heading.default\">\n\t\t\t\t<div class=\"elementor-widget-container\">\n\t\t\t\t\t<h2 class=\"elementor-heading-title elementor-size-default\">\u00a1Transp\u00f3n los espacios para viajeros a tu propio dominio!<\/h2>\t\t\t\t<\/div>\n\t\t\t\t<\/div>\n\t\t\t\t<div class=\"elementor-element elementor-element-6eecbaa elementor-widget elementor-widget-text-editor\" data-id=\"6eecbaa\" data-element_type=\"widget\" data-e-type=\"widget\" data-widget_type=\"text-editor.default\">\n\t\t\t\t<div class=\"elementor-widget-container\">\n\t\t\t\t\t\t\t\t\t<p>Ya puedes personalizar el estilo (colores, fuentes, botones&#8230;) de tus espacios para viajeros, pero puedes ir m\u00e1s all\u00e1 personalizando incluso su nombre de dominio. As\u00ed podr\u00e1s usar la URL de tu sitio web o de cualquier otro dominio que te pertenezca. Luego, ser\u00e1s t\u00fa quien elija el subdominio que estar\u00e1 vinculado a tus espacios para viajeros, como desees:<\/p>\n\t\t\t\t\t\t\t\t<\/div>\n\t\t\t\t<\/div>\n\t\t\t\t<div class=\"elementor-element elementor-element-a24958c elementor-widget elementor-widget-jet-animated-text\" data-id=\"a24958c\" data-element_type=\"widget\" data-e-type=\"widget\" data-widget_type=\"jet-animated-text.default\">\n\t\t\t\t<div class=\"elementor-widget-container\">\n\t\t\t\t\t<div class=\"elementor-jet-animated-text jet-elements\">\n<div class=\"jet-animated-text jet-animated-text--effect-fx12\" data-settings='{&quot;effect&quot;:&quot;fx12&quot;,&quot;delay&quot;:3000}'>\n\t\t<div class=\"jet-animated-text__animated-text\">\n<div class=\"jet-animated-text__animated-text-item active visible\" dir=\"ltr\">\n\t<span>v<\/span><span>i<\/span><span>a<\/span><span>j<\/span><span>e<\/span><span>s<\/span>&nbsp;<\/div>\n<div class=\"jet-animated-text__animated-text-item\" dir=\"ltr\">\n\t<span>p<\/span><span>r<\/span><span>o<\/span><span>g<\/span><span>r<\/span><span>a<\/span><span>m<\/span><span>a<\/span>&nbsp;<\/div>\n<div class=\"jet-animated-text__animated-text-item\" dir=\"ltr\">\n\t<span>m<\/span><span>y<\/span>&nbsp;<\/div>\n<\/div>\t<div class=\"jet-animated-text__after-text\">\n\t<span>.vuestrodominio.com<\/span><\/div><\/div><\/div>\t\t\t\t<\/div>\n\t\t\t\t<\/div>\n\t\t\t\t<div class=\"elementor-element elementor-element-9706119 elementor-widget elementor-widget-text-editor\" data-id=\"9706119\" data-element_type=\"widget\" data-e-type=\"widget\" data-widget_type=\"text-editor.default\">\n\t\t\t\t<div class=\"elementor-widget-container\">\n\t\t\t\t\t\t\t\t\t<p>Para implementar y configurar los espacios para viajeros en tus propios subdominios, se requiere un poco de trabajo y, dado el entusiasmo de las agencias por esta nueva funcionalidad, nos vemos obligados a establecer una lista de espera.<\/p>\n<p><span style=\"color: var( --e-global-color-text ); font-family: var( --e-global-typography-text-font-family ), sans-serif; font-weight: var( --e-global-typography-text-font-weight ); background-color: var( --e-global-color-4ecb2c08 ); font-size: 1rem;\">As\u00ed que, si deseas saber m\u00e1s sobre <strong>el proceso de implementaci\u00f3n de este servicio<\/strong>, su <strong>costo (20\u20ac\/mes por dominio transferido con la implementaci\u00f3n de la <a href=\"https:\/\/beetrip.pro\/es\/conecta-tus-formularios-de-presupuestos-y-contacto-a-beetrip\/\" target=\"_blank\" rel=\"noopener\">conexi\u00f3n de tus formularios a BeeTrip<\/a>)<\/strong> y <strong>registrarte<\/strong>, por favor completa el formulario a continuaci\u00f3n para ser contactado:<\/span><\/p>\n\t\t\t\t\t\t\t\t<\/div>\n\t\t\t\t<\/div>\n\t\t\t\t<div class=\"elementor-element elementor-element-664d5833 elementor-button-align-center elementor-widget elementor-widget-form\" data-id=\"664d5833\" data-element_type=\"widget\" data-e-type=\"widget\" data-settings=\"{&quot;step_next_label&quot;:&quot;Siguiente&quot;,&quot;step_previous_label&quot;:&quot;Anterior&quot;,&quot;step_type&quot;:&quot;number_text&quot;,&quot;step_icon_shape&quot;:&quot;circle&quot;}\" data-widget_type=\"form.default\">\n\t\t\t\t<div class=\"elementor-widget-container\">\n\t\t\t\t\t\t\t<form class=\"elementor-form\" method=\"post\" name=\"Inscripci\u00f3n personalizaci\u00f3n de subdominio\" aria-label=\"Inscripci\u00f3n personalizaci\u00f3n de subdominio\">\n\t\t\t<input type=\"hidden\" name=\"post_id\" value=\"13436\"\/>\n\t\t\t<input type=\"hidden\" name=\"form_id\" value=\"664d5833\"\/>\n\t\t\t<input type=\"hidden\" name=\"referer_title\" value=\"Espacio para viajeros: personaliza el dominio y el subdominio\" \/>\n\n\t\t\t\t\t\t\t<input type=\"hidden\" name=\"queried_id\" value=\"13436\"\/>\n\t\t\t\n\t\t\t<div class=\"elementor-form-fields-wrapper elementor-labels-\">\n\t\t\t\t\t\t\t\t<div class=\"elementor-field-type-text elementor-field-group elementor-column elementor-field-group-prenom elementor-col-33 elementor-sm-50 elementor-field-required\">\n\t\t\t\t\t\t\t\t\t\t\t\t<label for=\"form-field-prenom\" class=\"elementor-field-label elementor-screen-only\">\n\t\t\t\t\t\t\t\tNombre\t\t\t\t\t\t\t<\/label>\n\t\t\t\t\t\t\t\t\t\t\t\t\t\t<input size=\"1\" type=\"text\" name=\"form_fields[prenom]\" id=\"form-field-prenom\" class=\"elementor-field elementor-size-sm  elementor-field-textual\" placeholder=\"Nombre*\" required=\"required\">\n\t\t\t\t\t\t\t\t\t\t\t<\/div>\n\t\t\t\t\t\t\t\t<div class=\"elementor-field-type-text elementor-field-group elementor-column elementor-field-group-nom elementor-col-33 elementor-sm-50 elementor-field-required\">\n\t\t\t\t\t\t\t\t\t\t\t\t<label for=\"form-field-nom\" class=\"elementor-field-label elementor-screen-only\">\n\t\t\t\t\t\t\t\tApellido\t\t\t\t\t\t\t<\/label>\n\t\t\t\t\t\t\t\t\t\t\t\t\t\t<input size=\"1\" type=\"text\" name=\"form_fields[nom]\" id=\"form-field-nom\" class=\"elementor-field elementor-size-sm  elementor-field-textual\" placeholder=\"Apellido*\" required=\"required\">\n\t\t\t\t\t\t\t\t\t\t\t<\/div>\n\t\t\t\t\t\t\t\t<div class=\"elementor-field-type-text elementor-field-group elementor-column elementor-field-group-field_e7b174f elementor-col-33 elementor-sm-50 elementor-field-required\">\n\t\t\t\t\t\t\t\t\t\t\t\t<label for=\"form-field-field_e7b174f\" class=\"elementor-field-label elementor-screen-only\">\n\t\t\t\t\t\t\t\tEmpresa\t\t\t\t\t\t\t<\/label>\n\t\t\t\t\t\t\t\t\t\t\t\t\t\t<input size=\"1\" type=\"text\" name=\"form_fields[field_e7b174f]\" id=\"form-field-field_e7b174f\" class=\"elementor-field elementor-size-sm  elementor-field-textual\" placeholder=\"Empresa*\" required=\"required\">\n\t\t\t\t\t\t\t\t\t\t\t<\/div>\n\t\t\t\t\t\t\t\t<div class=\"elementor-field-type-email elementor-field-group elementor-column elementor-field-group-email elementor-col-50 elementor-field-required\">\n\t\t\t\t\t\t\t\t\t\t\t\t<label for=\"form-field-email\" class=\"elementor-field-label elementor-screen-only\">\n\t\t\t\t\t\t\t\tEmail\t\t\t\t\t\t\t<\/label>\n\t\t\t\t\t\t\t\t\t\t\t\t\t\t<input size=\"1\" type=\"email\" name=\"form_fields[email]\" id=\"form-field-email\" class=\"elementor-field elementor-size-sm  elementor-field-textual\" placeholder=\"Email*\" required=\"required\">\n\t\t\t\t\t\t\t\t\t\t\t<\/div>\n\t\t\t\t\t\t\t\t<div class=\"elementor-field-type-text elementor-field-group elementor-column elementor-field-group-telephone elementor-col-50\">\n\t\t\t\t\t\t\t\t\t\t\t\t<label for=\"form-field-telephone\" class=\"elementor-field-label elementor-screen-only\">\n\t\t\t\t\t\t\t\tTel\u00e9fono\t\t\t\t\t\t\t<\/label>\n\t\t\t\t\t\t\t\t\t\t\t\t\t\t<input size=\"1\" type=\"text\" name=\"form_fields[telephone]\" id=\"form-field-telephone\" class=\"elementor-field elementor-size-sm  elementor-field-textual\" placeholder=\"Tel\u00e9fono*\">\n\t\t\t\t\t\t\t\t\t\t\t<\/div>\n\t\t\t\t\t\t\t\t<div class=\"elementor-field-type-textarea elementor-field-group elementor-column elementor-field-group-message elementor-col-100 elementor-field-required\">\n\t\t\t\t\t\t\t\t\t\t\t\t<label for=\"form-field-message\" class=\"elementor-field-label elementor-screen-only\">\n\t\t\t\t\t\t\t\tOtros comentarios\t\t\t\t\t\t\t<\/label>\n\t\t\t\t\t\t<textarea class=\"elementor-field-textual elementor-field  elementor-size-sm\" name=\"form_fields[message]\" id=\"form-field-message\" rows=\"4\" placeholder=\"Si tienes otros comentarios para compartir con nosotros, hazlo aqu\u00ed...\" required=\"required\"><\/textarea>\t\t\t\t<\/div>\n\t\t\t\t\t\t\t\t<div class=\"elementor-field-type-recaptcha_v3 elementor-field-group elementor-column elementor-field-group-field_36012a0 elementor-col-100 recaptcha_v3-bottomright\">\n\t\t\t\t\t<div class=\"elementor-field\" id=\"form-field-field_36012a0\"><div class=\"elementor-g-recaptcha\" data-sitekey=\"6LeK1SoaAAAAAHDfzKoSjPDvU7BpdQAQohFEs25i\" data-type=\"v3\" data-action=\"Form\" data-badge=\"bottomright\" data-size=\"invisible\"><\/div><\/div>\t\t\t\t<\/div>\n\t\t\t\t\t\t\t\t<div class=\"elementor-field-group elementor-column elementor-field-type-submit elementor-col-100 e-form__buttons\">\n\t\t\t\t\t<button class=\"elementor-button elementor-size-sm\" type=\"submit\">\n\t\t\t\t\t\t<span class=\"elementor-button-content-wrapper\">\n\t\t\t\t\t\t\t\t\t\t\t\t\t\t\t\t\t\t\t\t\t\t<span class=\"elementor-button-text\">Validar<\/span>\n\t\t\t\t\t\t\t\t\t\t\t\t\t<\/span>\n\t\t\t\t\t<\/button>\n\t\t\t\t<\/div>\n\t\t\t<\/div>\n\t\t<\/form>\n\t\t\t\t\t\t<\/div>\n\t\t\t\t<\/div>\n\t\t\t\t\t<\/div>\n\t\t<\/div>\n\t\t\t\t\t<\/div>\n\t\t<\/section>\n\t\t\t\t<\/div>\n\t\t","protected":false},"excerpt":{"rendered":"<p>Personaliza el dominio de tus espacios para viajeros \u00a1Transp\u00f3n los espacios para viajeros a tu propio dominio! Ya puedes personalizar el estilo (colores, fuentes, botones&#8230;) de tus espacios para viajeros, pero puedes ir m\u00e1s all\u00e1 personalizando incluso su nombre de dominio. As\u00ed podr\u00e1s usar la URL de tu sitio web o de cualquier otro dominio [&hellip;]<\/p>\n","protected":false},"author":8,"featured_media":13246,"parent":0,"menu_order":0,"comment_status":"closed","ping_status":"closed","template":"elementor_header_footer","meta":{"content-type":"","footnotes":""},"class_list":["post-13436","page","type-page","status-publish","has-post-thumbnail","hentry"],"yoast_head":"<!-- This site is optimized with the Yoast SEO plugin v27.4 - https:\/\/yoast.com\/product\/yoast-seo-wordpress\/ -->\n<title>Espacio para viajeros: personaliza el dominio y el subdominio<\/title>\n<meta name=\"description\" content=\"\u00a1Inscr\u00edbete para ser de los primeros en aprovechar la personalizaci\u00f3n del dominio de tus espacios para viajeros e integrar el tuyo!\" \/>\n<meta name=\"robots\" content=\"index, follow, max-snippet:-1, max-image-preview:large, max-video-preview:-1\" \/>\n<link rel=\"canonical\" href=\"https:\/\/beetrip.pro\/es\/personaliza-el-dominio-de-tus-espacios-para-viajeros\/\" \/>\n<meta property=\"og:locale\" content=\"es_ES\" \/>\n<meta property=\"og:type\" content=\"article\" \/>\n<meta property=\"og:title\" content=\"Espacio para viajeros: personaliza el dominio y el subdominio\" \/>\n<meta property=\"og:description\" content=\"\u00a1Inscr\u00edbete para ser de los primeros en aprovechar la personalizaci\u00f3n del dominio de tus espacios para viajeros e integrar el tuyo!\" \/>\n<meta property=\"og:url\" content=\"https:\/\/beetrip.pro\/es\/personaliza-el-dominio-de-tus-espacios-para-viajeros\/\" \/>\n<meta property=\"og:site_name\" content=\"BeeTrip\" \/>\n<meta property=\"article:modified_time\" content=\"2025-01-18T04:55:42+00:00\" \/>\n<meta property=\"og:image\" content=\"https:\/\/beetrip.pro\/wp-content\/uploads\/2019\/08\/Image-mise-en-avant-pages-Wordpress.jpg\" \/>\n\t<meta property=\"og:image:width\" content=\"1200\" \/>\n\t<meta property=\"og:image:height\" content=\"600\" \/>\n\t<meta property=\"og:image:type\" content=\"image\/jpeg\" \/>\n<meta name=\"twitter:card\" content=\"summary_large_image\" \/>\n<meta name=\"twitter:label1\" content=\"Tiempo de lectura\" \/>\n\t<meta name=\"twitter:data1\" content=\"1 minuto\" \/>\n<script type=\"application\/ld+json\" class=\"yoast-schema-graph\">{\"@context\":\"https:\\\/\\\/schema.org\",\"@graph\":[{\"@type\":\"WebPage\",\"@id\":\"https:\\\/\\\/beetrip.pro\\\/es\\\/personaliza-el-dominio-de-tus-espacios-para-viajeros\\\/\",\"url\":\"https:\\\/\\\/beetrip.pro\\\/es\\\/personaliza-el-dominio-de-tus-espacios-para-viajeros\\\/\",\"name\":\"Espacio para viajeros: personaliza el dominio y el subdominio\",\"isPartOf\":{\"@id\":\"https:\\\/\\\/beetrip.pro\\\/es\\\/#website\"},\"primaryImageOfPage\":{\"@id\":\"https:\\\/\\\/beetrip.pro\\\/es\\\/personaliza-el-dominio-de-tus-espacios-para-viajeros\\\/#primaryimage\"},\"image\":{\"@id\":\"https:\\\/\\\/beetrip.pro\\\/es\\\/personaliza-el-dominio-de-tus-espacios-para-viajeros\\\/#primaryimage\"},\"thumbnailUrl\":\"https:\\\/\\\/beetrip.pro\\\/wp-content\\\/uploads\\\/2019\\\/08\\\/Image-mise-en-avant-pages-Wordpress.jpg\",\"datePublished\":\"2025-01-18T04:55:38+00:00\",\"dateModified\":\"2025-01-18T04:55:42+00:00\",\"description\":\"\u00a1Inscr\u00edbete para ser de los primeros en aprovechar la personalizaci\u00f3n del dominio de tus espacios para viajeros e integrar el tuyo!\",\"breadcrumb\":{\"@id\":\"https:\\\/\\\/beetrip.pro\\\/es\\\/personaliza-el-dominio-de-tus-espacios-para-viajeros\\\/#breadcrumb\"},\"inLanguage\":\"es\",\"potentialAction\":[{\"@type\":\"ReadAction\",\"target\":[\"https:\\\/\\\/beetrip.pro\\\/es\\\/personaliza-el-dominio-de-tus-espacios-para-viajeros\\\/\"]}]},{\"@type\":\"ImageObject\",\"inLanguage\":\"es\",\"@id\":\"https:\\\/\\\/beetrip.pro\\\/es\\\/personaliza-el-dominio-de-tus-espacios-para-viajeros\\\/#primaryimage\",\"url\":\"https:\\\/\\\/beetrip.pro\\\/wp-content\\\/uploads\\\/2019\\\/08\\\/Image-mise-en-avant-pages-Wordpress.jpg\",\"contentUrl\":\"https:\\\/\\\/beetrip.pro\\\/wp-content\\\/uploads\\\/2019\\\/08\\\/Image-mise-en-avant-pages-Wordpress.jpg\",\"width\":1200,\"height\":600},{\"@type\":\"BreadcrumbList\",\"@id\":\"https:\\\/\\\/beetrip.pro\\\/es\\\/personaliza-el-dominio-de-tus-espacios-para-viajeros\\\/#breadcrumb\",\"itemListElement\":[{\"@type\":\"ListItem\",\"position\":1,\"name\":\"Accueil\",\"item\":\"https:\\\/\\\/beetrip.pro\\\/es\\\/\"},{\"@type\":\"ListItem\",\"position\":2,\"name\":\"Personaliza el dominio de tus espacios para viajeros\"}]},{\"@type\":\"WebSite\",\"@id\":\"https:\\\/\\\/beetrip.pro\\\/es\\\/#website\",\"url\":\"https:\\\/\\\/beetrip.pro\\\/es\\\/\",\"name\":\"BeeTrip\",\"description\":\"L&#039;outil simple pour faire des devis de voyage attrayants, et tellement rapidement !\",\"publisher\":{\"@id\":\"https:\\\/\\\/beetrip.pro\\\/es\\\/#organization\"},\"potentialAction\":[{\"@type\":\"SearchAction\",\"target\":{\"@type\":\"EntryPoint\",\"urlTemplate\":\"https:\\\/\\\/beetrip.pro\\\/es\\\/?s={search_term_string}\"},\"query-input\":{\"@type\":\"PropertyValueSpecification\",\"valueRequired\":true,\"valueName\":\"search_term_string\"}}],\"inLanguage\":\"es\"},{\"@type\":\"Organization\",\"@id\":\"https:\\\/\\\/beetrip.pro\\\/es\\\/#organization\",\"name\":\"BeeTrip\",\"url\":\"https:\\\/\\\/beetrip.pro\\\/es\\\/\",\"logo\":{\"@type\":\"ImageObject\",\"inLanguage\":\"es\",\"@id\":\"https:\\\/\\\/beetrip.pro\\\/es\\\/#\\\/schema\\\/logo\\\/image\\\/\",\"url\":\"https:\\\/\\\/beetrip.pro\\\/wp-content\\\/uploads\\\/2017\\\/05\\\/Logo-BEETRIP-couleur.png\",\"contentUrl\":\"https:\\\/\\\/beetrip.pro\\\/wp-content\\\/uploads\\\/2017\\\/05\\\/Logo-BEETRIP-couleur.png\",\"width\":1035,\"height\":440,\"caption\":\"BeeTrip\"},\"image\":{\"@id\":\"https:\\\/\\\/beetrip.pro\\\/es\\\/#\\\/schema\\\/logo\\\/image\\\/\"},\"sameAs\":[\"https:\\\/\\\/www.linkedin.com\\\/company\\\/beetrippro\"]}]}<\/script>\n<!-- \/ Yoast SEO plugin. -->","yoast_head_json":{"title":"Espacio para viajeros: personaliza el dominio y el subdominio","description":"\u00a1Inscr\u00edbete para ser de los primeros en aprovechar la personalizaci\u00f3n del dominio de tus espacios para viajeros e integrar el tuyo!","robots":{"index":"index","follow":"follow","max-snippet":"max-snippet:-1","max-image-preview":"max-image-preview:large","max-video-preview":"max-video-preview:-1"},"canonical":"https:\/\/beetrip.pro\/es\/personaliza-el-dominio-de-tus-espacios-para-viajeros\/","og_locale":"es_ES","og_type":"article","og_title":"Espacio para viajeros: personaliza el dominio y el subdominio","og_description":"\u00a1Inscr\u00edbete para ser de los primeros en aprovechar la personalizaci\u00f3n del dominio de tus espacios para viajeros e integrar el tuyo!","og_url":"https:\/\/beetrip.pro\/es\/personaliza-el-dominio-de-tus-espacios-para-viajeros\/","og_site_name":"BeeTrip","article_modified_time":"2025-01-18T04:55:42+00:00","og_image":[{"width":1200,"height":600,"url":"https:\/\/beetrip.pro\/wp-content\/uploads\/2019\/08\/Image-mise-en-avant-pages-Wordpress.jpg","type":"image\/jpeg"}],"twitter_card":"summary_large_image","twitter_misc":{"Tiempo de lectura":"1 minuto"},"schema":{"@context":"https:\/\/schema.org","@graph":[{"@type":"WebPage","@id":"https:\/\/beetrip.pro\/es\/personaliza-el-dominio-de-tus-espacios-para-viajeros\/","url":"https:\/\/beetrip.pro\/es\/personaliza-el-dominio-de-tus-espacios-para-viajeros\/","name":"Espacio para viajeros: personaliza el dominio y el subdominio","isPartOf":{"@id":"https:\/\/beetrip.pro\/es\/#website"},"primaryImageOfPage":{"@id":"https:\/\/beetrip.pro\/es\/personaliza-el-dominio-de-tus-espacios-para-viajeros\/#primaryimage"},"image":{"@id":"https:\/\/beetrip.pro\/es\/personaliza-el-dominio-de-tus-espacios-para-viajeros\/#primaryimage"},"thumbnailUrl":"https:\/\/beetrip.pro\/wp-content\/uploads\/2019\/08\/Image-mise-en-avant-pages-Wordpress.jpg","datePublished":"2025-01-18T04:55:38+00:00","dateModified":"2025-01-18T04:55:42+00:00","description":"\u00a1Inscr\u00edbete para ser de los primeros en aprovechar la personalizaci\u00f3n del dominio de tus espacios para viajeros e integrar el tuyo!","breadcrumb":{"@id":"https:\/\/beetrip.pro\/es\/personaliza-el-dominio-de-tus-espacios-para-viajeros\/#breadcrumb"},"inLanguage":"es","potentialAction":[{"@type":"ReadAction","target":["https:\/\/beetrip.pro\/es\/personaliza-el-dominio-de-tus-espacios-para-viajeros\/"]}]},{"@type":"ImageObject","inLanguage":"es","@id":"https:\/\/beetrip.pro\/es\/personaliza-el-dominio-de-tus-espacios-para-viajeros\/#primaryimage","url":"https:\/\/beetrip.pro\/wp-content\/uploads\/2019\/08\/Image-mise-en-avant-pages-Wordpress.jpg","contentUrl":"https:\/\/beetrip.pro\/wp-content\/uploads\/2019\/08\/Image-mise-en-avant-pages-Wordpress.jpg","width":1200,"height":600},{"@type":"BreadcrumbList","@id":"https:\/\/beetrip.pro\/es\/personaliza-el-dominio-de-tus-espacios-para-viajeros\/#breadcrumb","itemListElement":[{"@type":"ListItem","position":1,"name":"Accueil","item":"https:\/\/beetrip.pro\/es\/"},{"@type":"ListItem","position":2,"name":"Personaliza el dominio de tus espacios para viajeros"}]},{"@type":"WebSite","@id":"https:\/\/beetrip.pro\/es\/#website","url":"https:\/\/beetrip.pro\/es\/","name":"BeeTrip","description":"L&#039;outil simple pour faire des devis de voyage attrayants, et tellement rapidement !","publisher":{"@id":"https:\/\/beetrip.pro\/es\/#organization"},"potentialAction":[{"@type":"SearchAction","target":{"@type":"EntryPoint","urlTemplate":"https:\/\/beetrip.pro\/es\/?s={search_term_string}"},"query-input":{"@type":"PropertyValueSpecification","valueRequired":true,"valueName":"search_term_string"}}],"inLanguage":"es"},{"@type":"Organization","@id":"https:\/\/beetrip.pro\/es\/#organization","name":"BeeTrip","url":"https:\/\/beetrip.pro\/es\/","logo":{"@type":"ImageObject","inLanguage":"es","@id":"https:\/\/beetrip.pro\/es\/#\/schema\/logo\/image\/","url":"https:\/\/beetrip.pro\/wp-content\/uploads\/2017\/05\/Logo-BEETRIP-couleur.png","contentUrl":"https:\/\/beetrip.pro\/wp-content\/uploads\/2017\/05\/Logo-BEETRIP-couleur.png","width":1035,"height":440,"caption":"BeeTrip"},"image":{"@id":"https:\/\/beetrip.pro\/es\/#\/schema\/logo\/image\/"},"sameAs":["https:\/\/www.linkedin.com\/company\/beetrippro"]}]}},"_links":{"self":[{"href":"https:\/\/beetrip.pro\/es\/wp-json\/wp\/v2\/pages\/13436","targetHints":{"allow":["GET"]}}],"collection":[{"href":"https:\/\/beetrip.pro\/es\/wp-json\/wp\/v2\/pages"}],"about":[{"href":"https:\/\/beetrip.pro\/es\/wp-json\/wp\/v2\/types\/page"}],"author":[{"embeddable":true,"href":"https:\/\/beetrip.pro\/es\/wp-json\/wp\/v2\/users\/8"}],"replies":[{"embeddable":true,"href":"https:\/\/beetrip.pro\/es\/wp-json\/wp\/v2\/comments?post=13436"}],"version-history":[{"count":0,"href":"https:\/\/beetrip.pro\/es\/wp-json\/wp\/v2\/pages\/13436\/revisions"}],"wp:featuredmedia":[{"embeddable":true,"href":"https:\/\/beetrip.pro\/es\/wp-json\/wp\/v2\/media\/13246"}],"wp:attachment":[{"href":"https:\/\/beetrip.pro\/es\/wp-json\/wp\/v2\/media?parent=13436"}],"curies":[{"name":"wp","href":"https:\/\/api.w.org\/{rel}","templated":true}]}}