{"id":13427,"date":"2025-01-18T05:47:36","date_gmt":"2025-01-18T04:47:36","guid":{"rendered":"https:\/\/beetrip.pro\/optimizar-tu-espacio-para-viajeros\/"},"modified":"2025-01-20T03:47:43","modified_gmt":"2025-01-20T02:47:43","slug":"optimizar-tu-espacio-para-viajeros","status":"publish","type":"page","link":"https:\/\/beetrip.pro\/es\/optimizar-tu-espacio-para-viajeros\/","title":{"rendered":"Optimizar tu espacio para viajeros"},"content":{"rendered":"\t\t<div data-elementor-type=\"wp-page\" data-elementor-id=\"13427\" class=\"elementor elementor-13427 elementor-6872\" data-elementor-post-type=\"page\">\n\t\t\t\t\t\t<section class=\"elementor-section elementor-top-section elementor-element elementor-element-2b1d0ed elementor-section-height-min-height elementor-section-boxed elementor-section-height-default elementor-section-items-middle\" data-id=\"2b1d0ed\" data-element_type=\"section\" data-e-type=\"section\" data-settings=\"{&quot;background_background&quot;:&quot;classic&quot;,&quot;shape_divider_bottom&quot;:&quot;waves&quot;,&quot;jet_parallax_layout_list&quot;:[{&quot;jet_parallax_layout_image&quot;:{&quot;url&quot;:&quot;&quot;,&quot;id&quot;:&quot;&quot;,&quot;size&quot;:&quot;&quot;},&quot;_id&quot;:&quot;a4c46c0&quot;,&quot;jet_parallax_layout_image_tablet&quot;:{&quot;url&quot;:&quot;&quot;,&quot;id&quot;:&quot;&quot;,&quot;size&quot;:&quot;&quot;},&quot;jet_parallax_layout_image_mobile&quot;:{&quot;url&quot;:&quot;&quot;,&quot;id&quot;:&quot;&quot;,&quot;size&quot;:&quot;&quot;},&quot;jet_parallax_layout_speed&quot;:{&quot;unit&quot;:&quot;%&quot;,&quot;size&quot;:50,&quot;sizes&quot;:[]},&quot;jet_parallax_layout_type&quot;:&quot;scroll&quot;,&quot;jet_parallax_layout_direction&quot;:&quot;1&quot;,&quot;jet_parallax_layout_fx_direction&quot;:null,&quot;jet_parallax_layout_z_index&quot;:&quot;&quot;,&quot;jet_parallax_layout_bg_x&quot;:50,&quot;jet_parallax_layout_bg_x_tablet&quot;:&quot;&quot;,&quot;jet_parallax_layout_bg_x_mobile&quot;:&quot;&quot;,&quot;jet_parallax_layout_bg_y&quot;:50,&quot;jet_parallax_layout_bg_y_tablet&quot;:&quot;&quot;,&quot;jet_parallax_layout_bg_y_mobile&quot;:&quot;&quot;,&quot;jet_parallax_layout_bg_size&quot;:&quot;auto&quot;,&quot;jet_parallax_layout_bg_size_tablet&quot;:&quot;&quot;,&quot;jet_parallax_layout_bg_size_mobile&quot;:&quot;&quot;,&quot;jet_parallax_layout_animation_prop&quot;:&quot;transform&quot;,&quot;jet_parallax_layout_on&quot;:[&quot;desktop&quot;,&quot;tablet&quot;]}]}\">\n\t\t\t\t\t\t\t<div class=\"elementor-background-overlay\"><\/div>\n\t\t\t\t\t\t<div class=\"elementor-shape elementor-shape-bottom\" aria-hidden=\"true\" data-negative=\"false\">\n\t\t\t<svg xmlns=\"http:\/\/www.w3.org\/2000\/svg\" viewBox=\"0 0 1000 100\" preserveAspectRatio=\"none\">\n\t<path class=\"elementor-shape-fill\" d=\"M421.9,6.5c22.6-2.5,51.5,0.4,75.5,5.3c23.6,4.9,70.9,23.5,100.5,35.7c75.8,32.2,133.7,44.5,192.6,49.7\n\tc23.6,2.1,48.7,3.5,103.4-2.5c54.7-6,106.2-25.6,106.2-25.6V0H0v30.3c0,0,72,32.6,158.4,30.5c39.2-0.7,92.8-6.7,134-22.4\n\tc21.2-8.1,52.2-18.2,79.7-24.2C399.3,7.9,411.6,7.5,421.9,6.5z\"\/>\n<\/svg>\t\t<\/div>\n\t\t\t\t\t<div class=\"elementor-container elementor-column-gap-default\">\n\t\t\t\t\t<div class=\"elementor-column elementor-col-100 elementor-top-column elementor-element elementor-element-22583b8\" data-id=\"22583b8\" data-element_type=\"column\" data-e-type=\"column\">\n\t\t\t<div class=\"elementor-widget-wrap elementor-element-populated\">\n\t\t\t\t\t\t<div class=\"elementor-element elementor-element-d3fe27b elementor-widget elementor-widget-heading\" data-id=\"d3fe27b\" data-element_type=\"widget\" data-e-type=\"widget\" data-widget_type=\"heading.default\">\n\t\t\t\t<div class=\"elementor-widget-container\">\n\t\t\t\t\t<h1 class=\"elementor-heading-title elementor-size-default\">Nuestros consejos para <br> tus espacios para viajeros<\/h1>\t\t\t\t<\/div>\n\t\t\t\t<\/div>\n\t\t\t\t\t<\/div>\n\t\t<\/div>\n\t\t\t\t\t<\/div>\n\t\t<\/section>\n\t\t\t\t<section class=\"elementor-section elementor-top-section elementor-element elementor-element-a8ae951 elementor-section-boxed elementor-section-height-default elementor-section-height-default\" data-id=\"a8ae951\" data-element_type=\"section\" data-e-type=\"section\" data-settings=\"{&quot;jet_parallax_layout_list&quot;:[{&quot;jet_parallax_layout_image&quot;:{&quot;url&quot;:&quot;&quot;,&quot;id&quot;:&quot;&quot;,&quot;size&quot;:&quot;&quot;},&quot;_id&quot;:&quot;3af6972&quot;,&quot;jet_parallax_layout_image_tablet&quot;:{&quot;url&quot;:&quot;&quot;,&quot;id&quot;:&quot;&quot;,&quot;size&quot;:&quot;&quot;},&quot;jet_parallax_layout_image_mobile&quot;:{&quot;url&quot;:&quot;&quot;,&quot;id&quot;:&quot;&quot;,&quot;size&quot;:&quot;&quot;},&quot;jet_parallax_layout_speed&quot;:{&quot;unit&quot;:&quot;%&quot;,&quot;size&quot;:50,&quot;sizes&quot;:[]},&quot;jet_parallax_layout_type&quot;:&quot;scroll&quot;,&quot;jet_parallax_layout_direction&quot;:&quot;1&quot;,&quot;jet_parallax_layout_fx_direction&quot;:null,&quot;jet_parallax_layout_z_index&quot;:&quot;&quot;,&quot;jet_parallax_layout_bg_x&quot;:50,&quot;jet_parallax_layout_bg_x_tablet&quot;:&quot;&quot;,&quot;jet_parallax_layout_bg_x_mobile&quot;:&quot;&quot;,&quot;jet_parallax_layout_bg_y&quot;:50,&quot;jet_parallax_layout_bg_y_tablet&quot;:&quot;&quot;,&quot;jet_parallax_layout_bg_y_mobile&quot;:&quot;&quot;,&quot;jet_parallax_layout_bg_size&quot;:&quot;auto&quot;,&quot;jet_parallax_layout_bg_size_tablet&quot;:&quot;&quot;,&quot;jet_parallax_layout_bg_size_mobile&quot;:&quot;&quot;,&quot;jet_parallax_layout_animation_prop&quot;:&quot;transform&quot;,&quot;jet_parallax_layout_on&quot;:[&quot;desktop&quot;,&quot;tablet&quot;]}]}\">\n\t\t\t\t\t\t<div class=\"elementor-container elementor-column-gap-default\">\n\t\t\t\t\t<div class=\"elementor-column elementor-col-100 elementor-top-column elementor-element elementor-element-5996c29\" data-id=\"5996c29\" data-element_type=\"column\" data-e-type=\"column\" data-settings=\"{&quot;background_background&quot;:&quot;classic&quot;}\">\n\t\t\t<div class=\"elementor-widget-wrap elementor-element-populated\">\n\t\t\t\t\t\t<div class=\"elementor-element elementor-element-4bb28b3 elementor-widget elementor-widget-heading\" data-id=\"4bb28b3\" data-element_type=\"widget\" data-e-type=\"widget\" data-widget_type=\"heading.default\">\n\t\t\t\t<div class=\"elementor-widget-container\">\n\t\t\t\t\t<h2 class=\"elementor-heading-title elementor-size-default\">\u00bfNecesitas ayuda para perfeccionar tus propuestas?<\/h2>\t\t\t\t<\/div>\n\t\t\t\t<\/div>\n\t\t\t\t<div class=\"elementor-element elementor-element-6eecbaa elementor-widget elementor-widget-text-editor\" data-id=\"6eecbaa\" data-element_type=\"widget\" data-e-type=\"widget\" data-widget_type=\"text-editor.default\">\n\t\t\t\t<div class=\"elementor-widget-container\">\n\t\t\t\t\t\t\t\t\t<p>El trip builder de BeeTrip est\u00e1 en constante evoluci\u00f3n, por lo que nuevas funcionalidades se a\u00f1adir\u00e1n continuamente a los espacios para viajeros: <em>nuevos tipos de m\u00f3dulos, nuevas acciones propuestas&#8230;<\/em><\/p>\n<p>Por lo tanto, es posible que en ocasiones estas adiciones sean relevantes para hacer tus propuestas a\u00fan m\u00e1s eficientes.<\/p>\n<p>Si deseas que echemos un vistazo a tus bellas creaciones para ofrecerte nuestros posibles consejos de optimizaci\u00f3n, por favor completa el formulario a continuaci\u00f3n:<\/p>\n\t\t\t\t\t\t\t\t<\/div>\n\t\t\t\t<\/div>\n\t\t\t\t<div class=\"elementor-element elementor-element-664d5833 elementor-button-align-center elementor-widget elementor-widget-form\" data-id=\"664d5833\" data-element_type=\"widget\" data-e-type=\"widget\" data-settings=\"{&quot;step_next_label&quot;:&quot;Siguiente&quot;,&quot;step_previous_label&quot;:&quot;Anterior&quot;,&quot;step_type&quot;:&quot;number_text&quot;,&quot;step_icon_shape&quot;:&quot;circle&quot;}\" data-widget_type=\"form.default\">\n\t\t\t\t<div class=\"elementor-widget-container\">\n\t\t\t\t\t\t\t<form class=\"elementor-form\" method=\"post\" name=\"Optimisation EV ES\" aria-label=\"Optimisation EV ES\">\n\t\t\t<input type=\"hidden\" name=\"post_id\" value=\"13427\"\/>\n\t\t\t<input type=\"hidden\" name=\"form_id\" value=\"664d5833\"\/>\n\t\t\t<input type=\"hidden\" name=\"referer_title\" value=\"BeeTrip\" \/>\n\n\t\t\t\n\t\t\t<div class=\"elementor-form-fields-wrapper elementor-labels-\">\n\t\t\t\t\t\t\t\t<div class=\"elementor-field-type-url elementor-field-group elementor-column elementor-field-group-field_c23c11e elementor-col-50 elementor-field-required\">\n\t\t\t\t\t\t\t\t\t\t\t\t<label for=\"form-field-field_c23c11e\" class=\"elementor-field-label elementor-screen-only\">\n\t\t\t\t\t\t\t\tEl enlace de tu espacio para viajeros\t\t\t\t\t\t\t<\/label>\n\t\t\t\t\t\t\t\t\t\t\t\t\t\t<input size=\"1\" type=\"url\" name=\"form_fields[field_c23c11e]\" id=\"form-field-field_c23c11e\" class=\"elementor-field elementor-size-sm  elementor-field-textual\" placeholder=\"El enlace de tu espacio para viajeros*\" required=\"required\">\n\t\t\t\t\t\t\t\t\t\t\t<\/div>\n\t\t\t\t\t\t\t\t<div class=\"elementor-field-type-text elementor-field-group elementor-column elementor-field-group-agence elementor-col-50 elementor-sm-50 elementor-field-required\">\n\t\t\t\t\t\t\t\t\t\t\t\t<label for=\"form-field-agence\" class=\"elementor-field-label elementor-screen-only\">\n\t\t\t\t\t\t\t\tAgencia\t\t\t\t\t\t\t<\/label>\n\t\t\t\t\t\t\t\t\t\t\t\t\t\t<input size=\"1\" type=\"text\" name=\"form_fields[agence]\" id=\"form-field-agence\" class=\"elementor-field elementor-size-sm  elementor-field-textual\" placeholder=\"Agencia*\" required=\"required\">\n\t\t\t\t\t\t\t\t\t\t\t<\/div>\n\t\t\t\t\t\t\t\t<div class=\"elementor-field-type-text elementor-field-group elementor-column elementor-field-group-prenom elementor-col-50 elementor-sm-50 elementor-field-required\">\n\t\t\t\t\t\t\t\t\t\t\t\t<label for=\"form-field-prenom\" class=\"elementor-field-label elementor-screen-only\">\n\t\t\t\t\t\t\t\tNombre\t\t\t\t\t\t\t<\/label>\n\t\t\t\t\t\t\t\t\t\t\t\t\t\t<input size=\"1\" type=\"text\" name=\"form_fields[prenom]\" id=\"form-field-prenom\" class=\"elementor-field elementor-size-sm  elementor-field-textual\" placeholder=\"Nombre*\" required=\"required\">\n\t\t\t\t\t\t\t\t\t\t\t<\/div>\n\t\t\t\t\t\t\t\t<div class=\"elementor-field-type-text elementor-field-group elementor-column elementor-field-group-nom elementor-col-50 elementor-sm-50 elementor-field-required\">\n\t\t\t\t\t\t\t\t\t\t\t\t<label for=\"form-field-nom\" class=\"elementor-field-label elementor-screen-only\">\n\t\t\t\t\t\t\t\tApellido\t\t\t\t\t\t\t<\/label>\n\t\t\t\t\t\t\t\t\t\t\t\t\t\t<input size=\"1\" type=\"text\" name=\"form_fields[nom]\" id=\"form-field-nom\" class=\"elementor-field elementor-size-sm  elementor-field-textual\" placeholder=\"Apellido*\" required=\"required\">\n\t\t\t\t\t\t\t\t\t\t\t<\/div>\n\t\t\t\t\t\t\t\t<div class=\"elementor-field-type-email elementor-field-group elementor-column elementor-field-group-email elementor-col-50 elementor-field-required\">\n\t\t\t\t\t\t\t\t\t\t\t\t<label for=\"form-field-email\" class=\"elementor-field-label elementor-screen-only\">\n\t\t\t\t\t\t\t\tEmail\t\t\t\t\t\t\t<\/label>\n\t\t\t\t\t\t\t\t\t\t\t\t\t\t<input size=\"1\" type=\"email\" name=\"form_fields[email]\" id=\"form-field-email\" class=\"elementor-field elementor-size-sm  elementor-field-textual\" placeholder=\"Email*\" required=\"required\">\n\t\t\t\t\t\t\t\t\t\t\t<\/div>\n\t\t\t\t\t\t\t\t<div class=\"elementor-field-type-text elementor-field-group elementor-column elementor-field-group-telephone elementor-col-50\">\n\t\t\t\t\t\t\t\t\t\t\t\t<label for=\"form-field-telephone\" class=\"elementor-field-label elementor-screen-only\">\n\t\t\t\t\t\t\t\tTel\u00e9fono\t\t\t\t\t\t\t<\/label>\n\t\t\t\t\t\t\t\t\t\t\t\t\t\t<input size=\"1\" type=\"text\" name=\"form_fields[telephone]\" id=\"form-field-telephone\" class=\"elementor-field elementor-size-sm  elementor-field-textual\" placeholder=\"Tel\u00e9fono*\">\n\t\t\t\t\t\t\t\t\t\t\t<\/div>\n\t\t\t\t\t\t\t\t<div class=\"elementor-field-type-textarea elementor-field-group elementor-column elementor-field-group-message elementor-col-100\">\n\t\t\t\t\t\t\t\t\t\t\t\t<label for=\"form-field-message\" class=\"elementor-field-label elementor-screen-only\">\n\t\t\t\t\t\t\t\tMensaje\t\t\t\t\t\t\t<\/label>\n\t\t\t\t\t\t<textarea class=\"elementor-field-textual elementor-field  elementor-size-sm\" name=\"form_fields[message]\" id=\"form-field-message\" rows=\"4\" placeholder=\"Mensaje o comentarios que deseas compartir\"><\/textarea>\t\t\t\t<\/div>\n\t\t\t\t\t\t\t\t<div class=\"elementor-field-type-recaptcha_v3 elementor-field-group elementor-column elementor-field-group-field_6d2023a elementor-col-100 recaptcha_v3-bottomright\">\n\t\t\t\t\t<div class=\"elementor-field\" id=\"form-field-field_6d2023a\"><div class=\"elementor-g-recaptcha\" data-sitekey=\"6LeK1SoaAAAAAHDfzKoSjPDvU7BpdQAQohFEs25i\" data-type=\"v3\" data-action=\"Form\" data-badge=\"bottomright\" data-size=\"invisible\"><\/div><\/div>\t\t\t\t<\/div>\n\t\t\t\t\t\t\t\t<div class=\"elementor-field-group elementor-column elementor-field-type-submit elementor-col-100 e-form__buttons\">\n\t\t\t\t\t<button class=\"elementor-button elementor-size-sm\" type=\"submit\">\n\t\t\t\t\t\t<span class=\"elementor-button-content-wrapper\">\n\t\t\t\t\t\t\t\t\t\t\t\t\t\t\t\t\t\t\t\t\t\t<span class=\"elementor-button-text\">Validar<\/span>\n\t\t\t\t\t\t\t\t\t\t\t\t\t<\/span>\n\t\t\t\t\t<\/button>\n\t\t\t\t<\/div>\n\t\t\t<\/div>\n\t\t<\/form>\n\t\t\t\t\t\t<\/div>\n\t\t\t\t<\/div>\n\t\t\t\t\t<\/div>\n\t\t<\/div>\n\t\t\t\t\t<\/div>\n\t\t<\/section>\n\t\t\t\t<\/div>\n\t\t","protected":false},"excerpt":{"rendered":"<p>Nuestros consejos para tus espacios para viajeros \u00bfNecesitas ayuda para perfeccionar tus propuestas? El trip builder de BeeTrip est\u00e1 en constante evoluci\u00f3n, por lo que nuevas funcionalidades se a\u00f1adir\u00e1n continuamente a los espacios para viajeros: nuevos tipos de m\u00f3dulos, nuevas acciones propuestas&#8230; Por lo tanto, es posible que en ocasiones estas adiciones sean relevantes para [&hellip;]<\/p>\n","protected":false},"author":8,"featured_media":13246,"parent":0,"menu_order":0,"comment_status":"closed","ping_status":"closed","template":"elementor_header_footer","meta":{"content-type":"","footnotes":""},"class_list":["post-13427","page","type-page","status-publish","has-post-thumbnail","hentry"],"yoast_head":"<!-- This site is optimized with the Yoast SEO plugin v27.4 - https:\/\/yoast.com\/product\/yoast-seo-wordpress\/ -->\n<title>Espacio para viajeros: Aprovecha nuestros consejos para optimizarlo<\/title>\n<meta name=\"description\" content=\"BeeTrip, tu CRM para agencias de viajes, te permite generar Espacios para Viajeros. Mu\u00e9stranos tus creaciones...\" \/>\n<meta name=\"robots\" content=\"index, follow, max-snippet:-1, max-image-preview:large, max-video-preview:-1\" \/>\n<link rel=\"canonical\" href=\"https:\/\/beetrip.pro\/es\/optimizar-tu-espacio-para-viajeros\/\" \/>\n<meta property=\"og:locale\" content=\"es_ES\" \/>\n<meta property=\"og:type\" content=\"article\" \/>\n<meta property=\"og:title\" content=\"Espacio para viajeros: Aprovecha nuestros consejos para optimizarlo\" \/>\n<meta property=\"og:description\" content=\"BeeTrip, tu CRM para agencias de viajes, te permite generar Espacios para Viajeros. Mu\u00e9stranos tus creaciones...\" \/>\n<meta property=\"og:url\" content=\"https:\/\/beetrip.pro\/es\/optimizar-tu-espacio-para-viajeros\/\" \/>\n<meta property=\"og:site_name\" content=\"BeeTrip\" \/>\n<meta property=\"article:modified_time\" content=\"2025-01-20T02:47:43+00:00\" \/>\n<meta property=\"og:image\" content=\"https:\/\/beetrip.pro\/wp-content\/uploads\/2019\/08\/Image-mise-en-avant-pages-Wordpress.jpg\" \/>\n\t<meta property=\"og:image:width\" content=\"1200\" \/>\n\t<meta property=\"og:image:height\" content=\"600\" \/>\n\t<meta property=\"og:image:type\" content=\"image\/jpeg\" \/>\n<meta name=\"twitter:card\" content=\"summary_large_image\" \/>\n<meta name=\"twitter:label1\" content=\"Tiempo de lectura\" \/>\n\t<meta name=\"twitter:data1\" content=\"1 minuto\" \/>\n<script type=\"application\/ld+json\" class=\"yoast-schema-graph\">{\"@context\":\"https:\\\/\\\/schema.org\",\"@graph\":[{\"@type\":\"WebPage\",\"@id\":\"https:\\\/\\\/beetrip.pro\\\/es\\\/optimizar-tu-espacio-para-viajeros\\\/\",\"url\":\"https:\\\/\\\/beetrip.pro\\\/es\\\/optimizar-tu-espacio-para-viajeros\\\/\",\"name\":\"Espacio para viajeros: Aprovecha nuestros consejos para optimizarlo\",\"isPartOf\":{\"@id\":\"https:\\\/\\\/beetrip.pro\\\/es\\\/#website\"},\"primaryImageOfPage\":{\"@id\":\"https:\\\/\\\/beetrip.pro\\\/es\\\/optimizar-tu-espacio-para-viajeros\\\/#primaryimage\"},\"image\":{\"@id\":\"https:\\\/\\\/beetrip.pro\\\/es\\\/optimizar-tu-espacio-para-viajeros\\\/#primaryimage\"},\"thumbnailUrl\":\"https:\\\/\\\/beetrip.pro\\\/wp-content\\\/uploads\\\/2019\\\/08\\\/Image-mise-en-avant-pages-Wordpress.jpg\",\"datePublished\":\"2025-01-18T04:47:36+00:00\",\"dateModified\":\"2025-01-20T02:47:43+00:00\",\"description\":\"BeeTrip, tu CRM para agencias de viajes, te permite generar Espacios para Viajeros. Mu\u00e9stranos tus creaciones...\",\"breadcrumb\":{\"@id\":\"https:\\\/\\\/beetrip.pro\\\/es\\\/optimizar-tu-espacio-para-viajeros\\\/#breadcrumb\"},\"inLanguage\":\"es\",\"potentialAction\":[{\"@type\":\"ReadAction\",\"target\":[\"https:\\\/\\\/beetrip.pro\\\/es\\\/optimizar-tu-espacio-para-viajeros\\\/\"]}]},{\"@type\":\"ImageObject\",\"inLanguage\":\"es\",\"@id\":\"https:\\\/\\\/beetrip.pro\\\/es\\\/optimizar-tu-espacio-para-viajeros\\\/#primaryimage\",\"url\":\"https:\\\/\\\/beetrip.pro\\\/wp-content\\\/uploads\\\/2019\\\/08\\\/Image-mise-en-avant-pages-Wordpress.jpg\",\"contentUrl\":\"https:\\\/\\\/beetrip.pro\\\/wp-content\\\/uploads\\\/2019\\\/08\\\/Image-mise-en-avant-pages-Wordpress.jpg\",\"width\":1200,\"height\":600},{\"@type\":\"BreadcrumbList\",\"@id\":\"https:\\\/\\\/beetrip.pro\\\/es\\\/optimizar-tu-espacio-para-viajeros\\\/#breadcrumb\",\"itemListElement\":[{\"@type\":\"ListItem\",\"position\":1,\"name\":\"Accueil\",\"item\":\"https:\\\/\\\/beetrip.pro\\\/es\\\/\"},{\"@type\":\"ListItem\",\"position\":2,\"name\":\"Optimizar tu espacio para viajeros\"}]},{\"@type\":\"WebSite\",\"@id\":\"https:\\\/\\\/beetrip.pro\\\/es\\\/#website\",\"url\":\"https:\\\/\\\/beetrip.pro\\\/es\\\/\",\"name\":\"BeeTrip\",\"description\":\"L&#039;outil simple pour faire des devis de voyage attrayants, et tellement rapidement !\",\"publisher\":{\"@id\":\"https:\\\/\\\/beetrip.pro\\\/es\\\/#organization\"},\"potentialAction\":[{\"@type\":\"SearchAction\",\"target\":{\"@type\":\"EntryPoint\",\"urlTemplate\":\"https:\\\/\\\/beetrip.pro\\\/es\\\/?s={search_term_string}\"},\"query-input\":{\"@type\":\"PropertyValueSpecification\",\"valueRequired\":true,\"valueName\":\"search_term_string\"}}],\"inLanguage\":\"es\"},{\"@type\":\"Organization\",\"@id\":\"https:\\\/\\\/beetrip.pro\\\/es\\\/#organization\",\"name\":\"BeeTrip\",\"url\":\"https:\\\/\\\/beetrip.pro\\\/es\\\/\",\"logo\":{\"@type\":\"ImageObject\",\"inLanguage\":\"es\",\"@id\":\"https:\\\/\\\/beetrip.pro\\\/es\\\/#\\\/schema\\\/logo\\\/image\\\/\",\"url\":\"https:\\\/\\\/beetrip.pro\\\/wp-content\\\/uploads\\\/2017\\\/05\\\/Logo-BEETRIP-couleur.png\",\"contentUrl\":\"https:\\\/\\\/beetrip.pro\\\/wp-content\\\/uploads\\\/2017\\\/05\\\/Logo-BEETRIP-couleur.png\",\"width\":1035,\"height\":440,\"caption\":\"BeeTrip\"},\"image\":{\"@id\":\"https:\\\/\\\/beetrip.pro\\\/es\\\/#\\\/schema\\\/logo\\\/image\\\/\"},\"sameAs\":[\"https:\\\/\\\/www.linkedin.com\\\/company\\\/beetrippro\"]}]}<\/script>\n<!-- \/ Yoast SEO plugin. -->","yoast_head_json":{"title":"Espacio para viajeros: Aprovecha nuestros consejos para optimizarlo","description":"BeeTrip, tu CRM para agencias de viajes, te permite generar Espacios para Viajeros. Mu\u00e9stranos tus creaciones...","robots":{"index":"index","follow":"follow","max-snippet":"max-snippet:-1","max-image-preview":"max-image-preview:large","max-video-preview":"max-video-preview:-1"},"canonical":"https:\/\/beetrip.pro\/es\/optimizar-tu-espacio-para-viajeros\/","og_locale":"es_ES","og_type":"article","og_title":"Espacio para viajeros: Aprovecha nuestros consejos para optimizarlo","og_description":"BeeTrip, tu CRM para agencias de viajes, te permite generar Espacios para Viajeros. Mu\u00e9stranos tus creaciones...","og_url":"https:\/\/beetrip.pro\/es\/optimizar-tu-espacio-para-viajeros\/","og_site_name":"BeeTrip","article_modified_time":"2025-01-20T02:47:43+00:00","og_image":[{"width":1200,"height":600,"url":"https:\/\/beetrip.pro\/wp-content\/uploads\/2019\/08\/Image-mise-en-avant-pages-Wordpress.jpg","type":"image\/jpeg"}],"twitter_card":"summary_large_image","twitter_misc":{"Tiempo de lectura":"1 minuto"},"schema":{"@context":"https:\/\/schema.org","@graph":[{"@type":"WebPage","@id":"https:\/\/beetrip.pro\/es\/optimizar-tu-espacio-para-viajeros\/","url":"https:\/\/beetrip.pro\/es\/optimizar-tu-espacio-para-viajeros\/","name":"Espacio para viajeros: Aprovecha nuestros consejos para optimizarlo","isPartOf":{"@id":"https:\/\/beetrip.pro\/es\/#website"},"primaryImageOfPage":{"@id":"https:\/\/beetrip.pro\/es\/optimizar-tu-espacio-para-viajeros\/#primaryimage"},"image":{"@id":"https:\/\/beetrip.pro\/es\/optimizar-tu-espacio-para-viajeros\/#primaryimage"},"thumbnailUrl":"https:\/\/beetrip.pro\/wp-content\/uploads\/2019\/08\/Image-mise-en-avant-pages-Wordpress.jpg","datePublished":"2025-01-18T04:47:36+00:00","dateModified":"2025-01-20T02:47:43+00:00","description":"BeeTrip, tu CRM para agencias de viajes, te permite generar Espacios para Viajeros. Mu\u00e9stranos tus creaciones...","breadcrumb":{"@id":"https:\/\/beetrip.pro\/es\/optimizar-tu-espacio-para-viajeros\/#breadcrumb"},"inLanguage":"es","potentialAction":[{"@type":"ReadAction","target":["https:\/\/beetrip.pro\/es\/optimizar-tu-espacio-para-viajeros\/"]}]},{"@type":"ImageObject","inLanguage":"es","@id":"https:\/\/beetrip.pro\/es\/optimizar-tu-espacio-para-viajeros\/#primaryimage","url":"https:\/\/beetrip.pro\/wp-content\/uploads\/2019\/08\/Image-mise-en-avant-pages-Wordpress.jpg","contentUrl":"https:\/\/beetrip.pro\/wp-content\/uploads\/2019\/08\/Image-mise-en-avant-pages-Wordpress.jpg","width":1200,"height":600},{"@type":"BreadcrumbList","@id":"https:\/\/beetrip.pro\/es\/optimizar-tu-espacio-para-viajeros\/#breadcrumb","itemListElement":[{"@type":"ListItem","position":1,"name":"Accueil","item":"https:\/\/beetrip.pro\/es\/"},{"@type":"ListItem","position":2,"name":"Optimizar tu espacio para viajeros"}]},{"@type":"WebSite","@id":"https:\/\/beetrip.pro\/es\/#website","url":"https:\/\/beetrip.pro\/es\/","name":"BeeTrip","description":"L&#039;outil simple pour faire des devis de voyage attrayants, et tellement rapidement !","publisher":{"@id":"https:\/\/beetrip.pro\/es\/#organization"},"potentialAction":[{"@type":"SearchAction","target":{"@type":"EntryPoint","urlTemplate":"https:\/\/beetrip.pro\/es\/?s={search_term_string}"},"query-input":{"@type":"PropertyValueSpecification","valueRequired":true,"valueName":"search_term_string"}}],"inLanguage":"es"},{"@type":"Organization","@id":"https:\/\/beetrip.pro\/es\/#organization","name":"BeeTrip","url":"https:\/\/beetrip.pro\/es\/","logo":{"@type":"ImageObject","inLanguage":"es","@id":"https:\/\/beetrip.pro\/es\/#\/schema\/logo\/image\/","url":"https:\/\/beetrip.pro\/wp-content\/uploads\/2017\/05\/Logo-BEETRIP-couleur.png","contentUrl":"https:\/\/beetrip.pro\/wp-content\/uploads\/2017\/05\/Logo-BEETRIP-couleur.png","width":1035,"height":440,"caption":"BeeTrip"},"image":{"@id":"https:\/\/beetrip.pro\/es\/#\/schema\/logo\/image\/"},"sameAs":["https:\/\/www.linkedin.com\/company\/beetrippro"]}]}},"_links":{"self":[{"href":"https:\/\/beetrip.pro\/es\/wp-json\/wp\/v2\/pages\/13427","targetHints":{"allow":["GET"]}}],"collection":[{"href":"https:\/\/beetrip.pro\/es\/wp-json\/wp\/v2\/pages"}],"about":[{"href":"https:\/\/beetrip.pro\/es\/wp-json\/wp\/v2\/types\/page"}],"author":[{"embeddable":true,"href":"https:\/\/beetrip.pro\/es\/wp-json\/wp\/v2\/users\/8"}],"replies":[{"embeddable":true,"href":"https:\/\/beetrip.pro\/es\/wp-json\/wp\/v2\/comments?post=13427"}],"version-history":[{"count":0,"href":"https:\/\/beetrip.pro\/es\/wp-json\/wp\/v2\/pages\/13427\/revisions"}],"wp:featuredmedia":[{"embeddable":true,"href":"https:\/\/beetrip.pro\/es\/wp-json\/wp\/v2\/media\/13246"}],"wp:attachment":[{"href":"https:\/\/beetrip.pro\/es\/wp-json\/wp\/v2\/media?parent=13427"}],"curies":[{"name":"wp","href":"https:\/\/api.w.org\/{rel}","templated":true}]}}