{"id":13422,"date":"2025-01-18T05:23:51","date_gmt":"2025-01-18T04:23:51","guid":{"rendered":"https:\/\/beetrip.pro\/nuestra-historia\/"},"modified":"2025-01-18T05:23:54","modified_gmt":"2025-01-18T04:23:54","slug":"nuestra-historia","status":"publish","type":"page","link":"https:\/\/beetrip.pro\/es\/nuestra-historia\/","title":{"rendered":"Nuestra historia"},"content":{"rendered":"\t\t<div data-elementor-type=\"wp-post\" data-elementor-id=\"13422\" class=\"elementor elementor-13422 elementor-705\" data-elementor-post-type=\"page\">\n\t\t\t\t\t\t<section class=\"elementor-section elementor-top-section elementor-element elementor-element-b56c19c elementor-section-height-min-height elementor-section-boxed elementor-section-height-default elementor-section-items-middle\" data-id=\"b56c19c\" data-element_type=\"section\" data-e-type=\"section\" data-settings=\"{&quot;background_background&quot;:&quot;gradient&quot;,&quot;shape_divider_bottom&quot;:&quot;waves&quot;,&quot;jet_parallax_layout_list&quot;:[{&quot;jet_parallax_layout_image&quot;:{&quot;url&quot;:&quot;&quot;,&quot;id&quot;:&quot;&quot;,&quot;size&quot;:&quot;&quot;},&quot;_id&quot;:&quot;b911399&quot;,&quot;jet_parallax_layout_image_tablet&quot;:{&quot;url&quot;:&quot;&quot;,&quot;id&quot;:&quot;&quot;,&quot;size&quot;:&quot;&quot;},&quot;jet_parallax_layout_image_mobile&quot;:{&quot;url&quot;:&quot;&quot;,&quot;id&quot;:&quot;&quot;,&quot;size&quot;:&quot;&quot;},&quot;jet_parallax_layout_speed&quot;:{&quot;unit&quot;:&quot;%&quot;,&quot;size&quot;:50,&quot;sizes&quot;:[]},&quot;jet_parallax_layout_type&quot;:&quot;scroll&quot;,&quot;jet_parallax_layout_direction&quot;:&quot;1&quot;,&quot;jet_parallax_layout_fx_direction&quot;:null,&quot;jet_parallax_layout_z_index&quot;:&quot;&quot;,&quot;jet_parallax_layout_bg_x&quot;:50,&quot;jet_parallax_layout_bg_y&quot;:50,&quot;jet_parallax_layout_bg_size&quot;:&quot;auto&quot;,&quot;jet_parallax_layout_animation_prop&quot;:&quot;transform&quot;,&quot;jet_parallax_layout_on&quot;:[&quot;desktop&quot;,&quot;tablet&quot;],&quot;jet_parallax_layout_bg_x_tablet&quot;:&quot;&quot;,&quot;jet_parallax_layout_bg_x_mobile&quot;:&quot;&quot;,&quot;jet_parallax_layout_bg_y_tablet&quot;:&quot;&quot;,&quot;jet_parallax_layout_bg_y_mobile&quot;:&quot;&quot;,&quot;jet_parallax_layout_bg_size_tablet&quot;:&quot;&quot;,&quot;jet_parallax_layout_bg_size_mobile&quot;:&quot;&quot;}]}\">\n\t\t\t\t\t\t\t<div class=\"elementor-background-overlay\"><\/div>\n\t\t\t\t\t\t<div class=\"elementor-shape elementor-shape-bottom\" aria-hidden=\"true\" data-negative=\"false\">\n\t\t\t<svg xmlns=\"http:\/\/www.w3.org\/2000\/svg\" viewBox=\"0 0 1000 100\" preserveAspectRatio=\"none\">\n\t<path class=\"elementor-shape-fill\" d=\"M421.9,6.5c22.6-2.5,51.5,0.4,75.5,5.3c23.6,4.9,70.9,23.5,100.5,35.7c75.8,32.2,133.7,44.5,192.6,49.7\n\tc23.6,2.1,48.7,3.5,103.4-2.5c54.7-6,106.2-25.6,106.2-25.6V0H0v30.3c0,0,72,32.6,158.4,30.5c39.2-0.7,92.8-6.7,134-22.4\n\tc21.2-8.1,52.2-18.2,79.7-24.2C399.3,7.9,411.6,7.5,421.9,6.5z\"\/>\n<\/svg>\t\t<\/div>\n\t\t\t\t\t<div class=\"elementor-container elementor-column-gap-default\">\n\t\t\t\t\t<div class=\"elementor-column elementor-col-100 elementor-top-column elementor-element elementor-element-4288897\" data-id=\"4288897\" data-element_type=\"column\" data-e-type=\"column\">\n\t\t\t<div class=\"elementor-widget-wrap elementor-element-populated\">\n\t\t\t\t\t\t<div class=\"elementor-element elementor-element-02ea4ef elementor-widget elementor-widget-heading\" data-id=\"02ea4ef\" data-element_type=\"widget\" data-e-type=\"widget\" data-widget_type=\"heading.default\">\n\t\t\t\t<div class=\"elementor-widget-container\">\n\t\t\t\t\t<h1 class=\"elementor-heading-title elementor-size-default\">Ayudar a los profesionales del turismo a desarrollar su actividad is a software platform that helps travel professionals and agencies improve their productivity and management.<\/h1>\t\t\t\t<\/div>\n\t\t\t\t<\/div>\n\t\t\t\t\t<\/div>\n\t\t<\/div>\n\t\t\t\t\t<\/div>\n\t\t<\/section>\n\t\t\t\t<section class=\"elementor-section elementor-top-section elementor-element elementor-element-2dba42c9 elementor-section-height-min-height elementor-section-boxed elementor-section-height-default elementor-section-items-middle\" data-id=\"2dba42c9\" data-element_type=\"section\" data-e-type=\"section\" data-settings=\"{&quot;background_background&quot;:&quot;classic&quot;,&quot;jet_parallax_layout_list&quot;:[{&quot;jet_parallax_layout_image&quot;:{&quot;url&quot;:&quot;&quot;,&quot;id&quot;:&quot;&quot;,&quot;size&quot;:&quot;&quot;},&quot;_id&quot;:&quot;dcd05bc&quot;,&quot;jet_parallax_layout_image_tablet&quot;:{&quot;url&quot;:&quot;&quot;,&quot;id&quot;:&quot;&quot;,&quot;size&quot;:&quot;&quot;},&quot;jet_parallax_layout_image_mobile&quot;:{&quot;url&quot;:&quot;&quot;,&quot;id&quot;:&quot;&quot;,&quot;size&quot;:&quot;&quot;},&quot;jet_parallax_layout_speed&quot;:{&quot;unit&quot;:&quot;%&quot;,&quot;size&quot;:50,&quot;sizes&quot;:[]},&quot;jet_parallax_layout_type&quot;:&quot;scroll&quot;,&quot;jet_parallax_layout_direction&quot;:&quot;1&quot;,&quot;jet_parallax_layout_fx_direction&quot;:null,&quot;jet_parallax_layout_z_index&quot;:&quot;&quot;,&quot;jet_parallax_layout_bg_x&quot;:50,&quot;jet_parallax_layout_bg_y&quot;:50,&quot;jet_parallax_layout_bg_size&quot;:&quot;auto&quot;,&quot;jet_parallax_layout_animation_prop&quot;:&quot;transform&quot;,&quot;jet_parallax_layout_on&quot;:[&quot;desktop&quot;,&quot;tablet&quot;],&quot;jet_parallax_layout_bg_x_tablet&quot;:&quot;&quot;,&quot;jet_parallax_layout_bg_x_mobile&quot;:&quot;&quot;,&quot;jet_parallax_layout_bg_y_tablet&quot;:&quot;&quot;,&quot;jet_parallax_layout_bg_y_mobile&quot;:&quot;&quot;,&quot;jet_parallax_layout_bg_size_tablet&quot;:&quot;&quot;,&quot;jet_parallax_layout_bg_size_mobile&quot;:&quot;&quot;}]}\">\n\t\t\t\t\t\t\t<div class=\"elementor-background-overlay\"><\/div>\n\t\t\t\t\t\t\t<div class=\"elementor-container elementor-column-gap-wide\">\n\t\t\t\t\t<div class=\"elementor-column elementor-col-33 elementor-top-column elementor-element elementor-element-634d8b26\" data-id=\"634d8b26\" data-element_type=\"column\" data-e-type=\"column\">\n\t\t\t<div class=\"elementor-widget-wrap elementor-element-populated\">\n\t\t\t\t\t\t<div class=\"elementor-element elementor-element-7ef7ba14 elementor-widget elementor-widget-heading\" data-id=\"7ef7ba14\" data-element_type=\"widget\" data-e-type=\"widget\" data-widget_type=\"heading.default\">\n\t\t\t\t<div class=\"elementor-widget-container\">\n\t\t\t\t\t<h2 class=\"elementor-heading-title elementor-size-default\">El origen de BeeTrip<\/h2>\t\t\t\t<\/div>\n\t\t\t\t<\/div>\n\t\t\t\t<div class=\"elementor-element elementor-element-3d256758 elementor-widget elementor-widget-text-editor\" data-id=\"3d256758\" data-element_type=\"widget\" data-e-type=\"widget\" data-widget_type=\"text-editor.default\">\n\t\t\t\t<div class=\"elementor-widget-container\">\n\t\t\t\t\t\t\t\t\t<p>En BeeTrip, todos somos <b>originarios del mundo de los viajes<\/b> y lo hemos convertido en nuestra vocaci\u00f3n. Nos dimos cuenta de que las habilidades adquiridas en este campo podr\u00edan aportar valor a las agencias y estructuras del turismo.<\/p>\n\t\t\t\t\t\t\t\t<\/div>\n\t\t\t\t<\/div>\n\t\t\t\t<div class=\"elementor-element elementor-element-432772a6 elementor-widget elementor-widget-text-editor\" data-id=\"432772a6\" data-element_type=\"widget\" data-e-type=\"widget\" data-widget_type=\"text-editor.default\">\n\t\t\t\t<div class=\"elementor-widget-container\">\n\t\t\t\t\t\t\t\t\t<p>R\u00e1pidamente entendimos que si quer\u00edamos convertir nuestras solicitudes de viaje, ten\u00edamos que <b>ganar en eficiencia<\/b>, los viajeros deb\u00edan recibir r\u00e1pidamente la propuesta de viaje y esta deb\u00eda ser convincente.<\/p>\n\t\t\t\t\t\t\t\t<\/div>\n\t\t\t\t<\/div>\n\t\t\t\t\t<\/div>\n\t\t<\/div>\n\t\t\t\t<div class=\"elementor-column elementor-col-33 elementor-top-column elementor-element elementor-element-39c3fd8e\" data-id=\"39c3fd8e\" data-element_type=\"column\" data-e-type=\"column\">\n\t\t\t<div class=\"elementor-widget-wrap elementor-element-populated\">\n\t\t\t\t\t\t<div class=\"elementor-element elementor-element-40e097f6 elementor-widget elementor-widget-heading\" data-id=\"40e097f6\" data-element_type=\"widget\" data-e-type=\"widget\" data-widget_type=\"heading.default\">\n\t\t\t\t<div class=\"elementor-widget-container\">\n\t\t\t\t\t<h2 class=\"elementor-heading-title elementor-size-default\">Una experiencia a tu servicio<\/h2>\t\t\t\t<\/div>\n\t\t\t\t<\/div>\n\t\t\t\t<div class=\"elementor-element elementor-element-7d65633c elementor-widget elementor-widget-text-editor\" data-id=\"7d65633c\" data-element_type=\"widget\" data-e-type=\"widget\" data-widget_type=\"text-editor.default\">\n\t\t\t\t<div class=\"elementor-widget-container\">\n\t\t\t\t\t\t\t\t\t<p>Nuestros conocimientos en inform\u00e1tica y desarrollo web dieron lugar a un software interno que nos permit\u00eda <b>responder r\u00e1pida y eficientemente a las solicitudes de viaje<\/b>.<\/p>\n\t\t\t\t\t\t\t\t<\/div>\n\t\t\t\t<\/div>\n\t\t\t\t<div class=\"elementor-element elementor-element-da2fd43 elementor-widget elementor-widget-text-editor\" data-id=\"da2fd43\" data-element_type=\"widget\" data-e-type=\"widget\" data-widget_type=\"text-editor.default\">\n\t\t\t\t<div class=\"elementor-widget-container\">\n\t\t\t\t\t\t\t\t\t<p>Hoy en d\u00eda, se ha convertido en <b>BeeTrip<\/b>, una plataforma que re\u00fane todas las herramientas que necesitas para optimizar la gesti\u00f3n de tu agencia, la venta y el marketing.<\/p>\n\t\t\t\t\t\t\t\t<\/div>\n\t\t\t\t<\/div>\n\t\t\t\t\t<\/div>\n\t\t<\/div>\n\t\t\t\t<div class=\"elementor-column elementor-col-33 elementor-top-column elementor-element elementor-element-7aa2c93b\" data-id=\"7aa2c93b\" data-element_type=\"column\" data-e-type=\"column\">\n\t\t\t<div class=\"elementor-widget-wrap elementor-element-populated\">\n\t\t\t\t\t\t<div class=\"elementor-element elementor-element-6709e4aa elementor-widget__width-initial elementor-widget elementor-widget-image\" data-id=\"6709e4aa\" data-element_type=\"widget\" data-e-type=\"widget\" data-settings=\"{&quot;motion_fx_motion_fx_scrolling&quot;:&quot;yes&quot;,&quot;motion_fx_translateY_effect&quot;:&quot;yes&quot;,&quot;motion_fx_translateY_speed&quot;:{&quot;unit&quot;:&quot;px&quot;,&quot;size&quot;:&quot;1&quot;,&quot;sizes&quot;:[]},&quot;motion_fx_translateY_affectedRange&quot;:{&quot;unit&quot;:&quot;%&quot;,&quot;size&quot;:&quot;&quot;,&quot;sizes&quot;:{&quot;start&quot;:0,&quot;end&quot;:100}},&quot;motion_fx_devices&quot;:[&quot;desktop&quot;,&quot;tablet&quot;,&quot;mobile&quot;]}\" data-widget_type=\"image.default\">\n\t\t\t\t<div class=\"elementor-widget-container\">\n\t\t\t\t\t\t\t\t\t\t\t\t\t\t\t<img fetchpriority=\"high\" decoding=\"async\" width=\"1200\" height=\"803\" src=\"https:\/\/beetrip.pro\/wp-content\/uploads\/2019\/09\/CRM-agence-de-voyage-sur-mesure-2-1200x803.jpg\" class=\"attachment-medium size-medium wp-image-1901\" alt=\"\" srcset=\"https:\/\/beetrip.pro\/wp-content\/uploads\/2019\/09\/CRM-agence-de-voyage-sur-mesure-2-1200x803.jpg 1200w, https:\/\/beetrip.pro\/wp-content\/uploads\/2019\/09\/CRM-agence-de-voyage-sur-mesure-2-768x514.jpg 768w, https:\/\/beetrip.pro\/wp-content\/uploads\/2019\/09\/CRM-agence-de-voyage-sur-mesure-2.jpg 1920w\" sizes=\"(max-width: 1200px) 100vw, 1200px\" \/>\t\t\t\t\t\t\t\t\t\t\t\t\t\t\t<\/div>\n\t\t\t\t<\/div>\n\t\t\t\t\t<\/div>\n\t\t<\/div>\n\t\t\t\t\t<\/div>\n\t\t<\/section>\n\t\t\t\t<section class=\"elementor-section elementor-top-section elementor-element elementor-element-5480db5 elementor-section-boxed elementor-section-height-default elementor-section-height-default\" data-id=\"5480db5\" data-element_type=\"section\" data-e-type=\"section\" data-settings=\"{&quot;background_background&quot;:&quot;gradient&quot;,&quot;shape_divider_top&quot;:&quot;waves&quot;,&quot;jet_parallax_layout_list&quot;:[{&quot;jet_parallax_layout_image&quot;:{&quot;url&quot;:&quot;&quot;,&quot;id&quot;:&quot;&quot;,&quot;size&quot;:&quot;&quot;},&quot;_id&quot;:&quot;2c25ce9&quot;,&quot;jet_parallax_layout_image_tablet&quot;:{&quot;url&quot;:&quot;&quot;,&quot;id&quot;:&quot;&quot;,&quot;size&quot;:&quot;&quot;},&quot;jet_parallax_layout_image_mobile&quot;:{&quot;url&quot;:&quot;&quot;,&quot;id&quot;:&quot;&quot;,&quot;size&quot;:&quot;&quot;},&quot;jet_parallax_layout_speed&quot;:{&quot;unit&quot;:&quot;%&quot;,&quot;size&quot;:50,&quot;sizes&quot;:[]},&quot;jet_parallax_layout_type&quot;:&quot;scroll&quot;,&quot;jet_parallax_layout_direction&quot;:&quot;1&quot;,&quot;jet_parallax_layout_fx_direction&quot;:null,&quot;jet_parallax_layout_z_index&quot;:&quot;&quot;,&quot;jet_parallax_layout_bg_x&quot;:50,&quot;jet_parallax_layout_bg_y&quot;:50,&quot;jet_parallax_layout_bg_size&quot;:&quot;auto&quot;,&quot;jet_parallax_layout_animation_prop&quot;:&quot;transform&quot;,&quot;jet_parallax_layout_on&quot;:[&quot;desktop&quot;,&quot;tablet&quot;],&quot;jet_parallax_layout_bg_x_tablet&quot;:&quot;&quot;,&quot;jet_parallax_layout_bg_x_mobile&quot;:&quot;&quot;,&quot;jet_parallax_layout_bg_y_tablet&quot;:&quot;&quot;,&quot;jet_parallax_layout_bg_y_mobile&quot;:&quot;&quot;,&quot;jet_parallax_layout_bg_size_tablet&quot;:&quot;&quot;,&quot;jet_parallax_layout_bg_size_mobile&quot;:&quot;&quot;}]}\">\n\t\t\t\t\t\t\t<div class=\"elementor-background-overlay\"><\/div>\n\t\t\t\t\t\t<div class=\"elementor-shape elementor-shape-top\" aria-hidden=\"true\" data-negative=\"false\">\n\t\t\t<svg xmlns=\"http:\/\/www.w3.org\/2000\/svg\" viewBox=\"0 0 1000 100\" preserveAspectRatio=\"none\">\n\t<path class=\"elementor-shape-fill\" d=\"M421.9,6.5c22.6-2.5,51.5,0.4,75.5,5.3c23.6,4.9,70.9,23.5,100.5,35.7c75.8,32.2,133.7,44.5,192.6,49.7\n\tc23.6,2.1,48.7,3.5,103.4-2.5c54.7-6,106.2-25.6,106.2-25.6V0H0v30.3c0,0,72,32.6,158.4,30.5c39.2-0.7,92.8-6.7,134-22.4\n\tc21.2-8.1,52.2-18.2,79.7-24.2C399.3,7.9,411.6,7.5,421.9,6.5z\"\/>\n<\/svg>\t\t<\/div>\n\t\t\t\t\t<div class=\"elementor-container elementor-column-gap-default\">\n\t\t\t\t\t<div class=\"elementor-column elementor-col-50 elementor-top-column elementor-element elementor-element-90c25bd elementor-hidden-phone\" data-id=\"90c25bd\" data-element_type=\"column\" data-e-type=\"column\">\n\t\t\t<div class=\"elementor-widget-wrap elementor-element-populated\">\n\t\t\t\t\t\t<div class=\"elementor-element elementor-element-2e451b9 elementor-hidden-tablet elementor-hidden-phone elementor-widget elementor-widget-image\" data-id=\"2e451b9\" data-element_type=\"widget\" data-e-type=\"widget\" data-widget_type=\"image.default\">\n\t\t\t\t<div class=\"elementor-widget-container\">\n\t\t\t\t\t\t\t\t\t\t\t\t\t\t\t<img decoding=\"async\" width=\"513\" height=\"900\" src=\"https:\/\/beetrip.pro\/wp-content\/uploads\/2019\/11\/Mockup-LP-FR.png\" class=\"attachment-full size-full wp-image-13323\" alt=\"\" \/>\t\t\t\t\t\t\t\t\t\t\t\t\t\t\t<\/div>\n\t\t\t\t<\/div>\n\t\t\t\t\t<\/div>\n\t\t<\/div>\n\t\t\t\t<div class=\"elementor-column elementor-col-50 elementor-top-column elementor-element elementor-element-594c118\" data-id=\"594c118\" data-element_type=\"column\" data-e-type=\"column\">\n\t\t\t<div class=\"elementor-widget-wrap elementor-element-populated\">\n\t\t\t\t\t\t<div class=\"elementor-element elementor-element-343a9a5 elementor-widget elementor-widget-heading\" data-id=\"343a9a5\" data-element_type=\"widget\" data-e-type=\"widget\" data-widget_type=\"heading.default\">\n\t\t\t\t<div class=\"elementor-widget-container\">\n\t\t\t\t\t<h2 class=\"elementor-heading-title elementor-size-default\">La plataforma BeeTrip<\/h2>\t\t\t\t<\/div>\n\t\t\t\t<\/div>\n\t\t\t\t<div class=\"elementor-element elementor-element-95b7d2d elementor-widget elementor-widget-text-editor\" data-id=\"95b7d2d\" data-element_type=\"widget\" data-e-type=\"widget\" data-widget_type=\"text-editor.default\">\n\t\t\t\t<div class=\"elementor-widget-container\">\n\t\t\t\t\t\t\t\t\t<p>BeeTrip responde a las necesidades de diferentes estructuras, desde agencias receptivas hasta agencias de viajes. La plataforma intuitiva y potente permite estructurar y optimizar la <b>venta<\/b>, el <b>marketing<\/b> y la <b>gesti\u00f3n<\/b> de tu estructura.<\/p>\n\t\t\t\t\t\t\t\t<\/div>\n\t\t\t\t<\/div>\n\t\t\t\t<div class=\"elementor-element elementor-element-26004d0 elementor-tablet-align-center elementor-align-left elementor-invisible elementor-widget elementor-widget-button\" data-id=\"26004d0\" data-element_type=\"widget\" data-e-type=\"widget\" data-settings=\"{&quot;_animation&quot;:&quot;slideInUp&quot;}\" data-widget_type=\"button.default\">\n\t\t\t\t<div class=\"elementor-widget-container\">\n\t\t\t\t\t\t\t\t\t<div class=\"elementor-button-wrapper\">\n\t\t\t\t\t<a class=\"elementor-button elementor-size-md elementor-animation-bob\" role=\"button\">\n\t\t\t\t\t\t<span class=\"elementor-button-content-wrapper\">\n\t\t\t\t\t\t\t\t\t<span class=\"elementor-button-text\">Descubre BeeTrip<\/span>\n\t\t\t\t\t<\/span>\n\t\t\t\t\t<\/a>\n\t\t\t\t<\/div>\n\t\t\t\t\t\t\t\t<\/div>\n\t\t\t\t<\/div>\n\t\t\t\t\t<\/div>\n\t\t<\/div>\n\t\t\t\t\t<\/div>\n\t\t<\/section>\n\t\t\t\t<\/div>\n\t\t","protected":false},"excerpt":{"rendered":"<p>Ayudar a los profesionales del turismo a desarrollar su actividad is a software platform that helps travel professionals and agencies improve their productivity and management. El origen de BeeTrip En BeeTrip, todos somos originarios del mundo de los viajes y lo hemos convertido en nuestra vocaci\u00f3n. Nos dimos cuenta de que las habilidades adquiridas en [&hellip;]<\/p>\n","protected":false},"author":8,"featured_media":0,"parent":0,"menu_order":0,"comment_status":"closed","ping_status":"closed","template":"elementor_header_footer","meta":{"content-type":"","footnotes":""},"class_list":["post-13422","page","type-page","status-publish","hentry"],"yoast_head":"<!-- This site is optimized with the Yoast SEO plugin v27.3 - https:\/\/yoast.com\/product\/yoast-seo-wordpress\/ -->\n<title>Nuestra historia | BeeTrip - Software para profesionales del turismo<\/title>\n<meta name=\"description\" content=\"BeeTrip es una plataforma de software que ayuda a los profesionales y agencias de viajes a mejorar su productividad y gesti\u00f3n.\" \/>\n<meta name=\"robots\" content=\"index, follow, max-snippet:-1, max-image-preview:large, max-video-preview:-1\" \/>\n<link rel=\"canonical\" href=\"https:\/\/beetrip.pro\/es\/nuestra-historia\/\" \/>\n<meta property=\"og:locale\" content=\"es_ES\" \/>\n<meta property=\"og:type\" content=\"article\" \/>\n<meta property=\"og:title\" content=\"Nuestra historia | BeeTrip - Software para profesionales del turismo\" \/>\n<meta property=\"og:description\" content=\"BeeTrip es una plataforma de software que ayuda a los profesionales y agencias de viajes a mejorar su productividad y gesti\u00f3n.\" \/>\n<meta property=\"og:url\" content=\"https:\/\/beetrip.pro\/es\/nuestra-historia\/\" \/>\n<meta property=\"og:site_name\" content=\"BeeTrip\" \/>\n<meta property=\"article:modified_time\" content=\"2025-01-18T04:23:54+00:00\" \/>\n<meta property=\"og:image\" content=\"https:\/\/beetrip.pro\/wp-content\/uploads\/2019\/09\/CRM-agence-de-voyage-sur-mesure-2-1200x803.jpg\" \/>\n<meta name=\"twitter:card\" content=\"summary_large_image\" \/>\n<meta name=\"twitter:label1\" content=\"Tiempo de lectura\" \/>\n\t<meta name=\"twitter:data1\" content=\"1 minuto\" \/>\n<script type=\"application\/ld+json\" class=\"yoast-schema-graph\">{\"@context\":\"https:\\\/\\\/schema.org\",\"@graph\":[{\"@type\":\"WebPage\",\"@id\":\"https:\\\/\\\/beetrip.pro\\\/es\\\/nuestra-historia\\\/\",\"url\":\"https:\\\/\\\/beetrip.pro\\\/es\\\/nuestra-historia\\\/\",\"name\":\"Nuestra historia | BeeTrip - Software para profesionales del turismo\",\"isPartOf\":{\"@id\":\"https:\\\/\\\/beetrip.pro\\\/es\\\/#website\"},\"primaryImageOfPage\":{\"@id\":\"https:\\\/\\\/beetrip.pro\\\/es\\\/nuestra-historia\\\/#primaryimage\"},\"image\":{\"@id\":\"https:\\\/\\\/beetrip.pro\\\/es\\\/nuestra-historia\\\/#primaryimage\"},\"thumbnailUrl\":\"https:\\\/\\\/beetrip.pro\\\/wp-content\\\/uploads\\\/2019\\\/09\\\/CRM-agence-de-voyage-sur-mesure-2-1200x803.jpg\",\"datePublished\":\"2025-01-18T04:23:51+00:00\",\"dateModified\":\"2025-01-18T04:23:54+00:00\",\"description\":\"BeeTrip es una plataforma de software que ayuda a los profesionales y agencias de viajes a mejorar su productividad y gesti\u00f3n.\",\"breadcrumb\":{\"@id\":\"https:\\\/\\\/beetrip.pro\\\/es\\\/nuestra-historia\\\/#breadcrumb\"},\"inLanguage\":\"es\",\"potentialAction\":[{\"@type\":\"ReadAction\",\"target\":[\"https:\\\/\\\/beetrip.pro\\\/es\\\/nuestra-historia\\\/\"]}]},{\"@type\":\"ImageObject\",\"inLanguage\":\"es\",\"@id\":\"https:\\\/\\\/beetrip.pro\\\/es\\\/nuestra-historia\\\/#primaryimage\",\"url\":\"https:\\\/\\\/beetrip.pro\\\/wp-content\\\/uploads\\\/2019\\\/09\\\/CRM-agence-de-voyage-sur-mesure-2-1200x803.jpg\",\"contentUrl\":\"https:\\\/\\\/beetrip.pro\\\/wp-content\\\/uploads\\\/2019\\\/09\\\/CRM-agence-de-voyage-sur-mesure-2-1200x803.jpg\"},{\"@type\":\"BreadcrumbList\",\"@id\":\"https:\\\/\\\/beetrip.pro\\\/es\\\/nuestra-historia\\\/#breadcrumb\",\"itemListElement\":[{\"@type\":\"ListItem\",\"position\":1,\"name\":\"Accueil\",\"item\":\"https:\\\/\\\/beetrip.pro\\\/es\\\/\"},{\"@type\":\"ListItem\",\"position\":2,\"name\":\"Nuestra historia\"}]},{\"@type\":\"WebSite\",\"@id\":\"https:\\\/\\\/beetrip.pro\\\/es\\\/#website\",\"url\":\"https:\\\/\\\/beetrip.pro\\\/es\\\/\",\"name\":\"BeeTrip\",\"description\":\"L&#039;outil simple pour faire des devis de voyage attrayants, et tellement rapidement !\",\"publisher\":{\"@id\":\"https:\\\/\\\/beetrip.pro\\\/es\\\/#organization\"},\"potentialAction\":[{\"@type\":\"SearchAction\",\"target\":{\"@type\":\"EntryPoint\",\"urlTemplate\":\"https:\\\/\\\/beetrip.pro\\\/es\\\/?s={search_term_string}\"},\"query-input\":{\"@type\":\"PropertyValueSpecification\",\"valueRequired\":true,\"valueName\":\"search_term_string\"}}],\"inLanguage\":\"es\"},{\"@type\":\"Organization\",\"@id\":\"https:\\\/\\\/beetrip.pro\\\/es\\\/#organization\",\"name\":\"BeeTrip\",\"url\":\"https:\\\/\\\/beetrip.pro\\\/es\\\/\",\"logo\":{\"@type\":\"ImageObject\",\"inLanguage\":\"es\",\"@id\":\"https:\\\/\\\/beetrip.pro\\\/es\\\/#\\\/schema\\\/logo\\\/image\\\/\",\"url\":\"https:\\\/\\\/beetrip.pro\\\/wp-content\\\/uploads\\\/2017\\\/05\\\/Logo-BEETRIP-couleur.png\",\"contentUrl\":\"https:\\\/\\\/beetrip.pro\\\/wp-content\\\/uploads\\\/2017\\\/05\\\/Logo-BEETRIP-couleur.png\",\"width\":1035,\"height\":440,\"caption\":\"BeeTrip\"},\"image\":{\"@id\":\"https:\\\/\\\/beetrip.pro\\\/es\\\/#\\\/schema\\\/logo\\\/image\\\/\"},\"sameAs\":[\"https:\\\/\\\/www.linkedin.com\\\/company\\\/beetrippro\"]}]}<\/script>\n<!-- \/ Yoast SEO plugin. -->","yoast_head_json":{"title":"Nuestra historia | BeeTrip - Software para profesionales del turismo","description":"BeeTrip es una plataforma de software que ayuda a los profesionales y agencias de viajes a mejorar su productividad y gesti\u00f3n.","robots":{"index":"index","follow":"follow","max-snippet":"max-snippet:-1","max-image-preview":"max-image-preview:large","max-video-preview":"max-video-preview:-1"},"canonical":"https:\/\/beetrip.pro\/es\/nuestra-historia\/","og_locale":"es_ES","og_type":"article","og_title":"Nuestra historia | BeeTrip - Software para profesionales del turismo","og_description":"BeeTrip es una plataforma de software que ayuda a los profesionales y agencias de viajes a mejorar su productividad y gesti\u00f3n.","og_url":"https:\/\/beetrip.pro\/es\/nuestra-historia\/","og_site_name":"BeeTrip","article_modified_time":"2025-01-18T04:23:54+00:00","og_image":[{"url":"https:\/\/beetrip.pro\/wp-content\/uploads\/2019\/09\/CRM-agence-de-voyage-sur-mesure-2-1200x803.jpg","type":"","width":"","height":""}],"twitter_card":"summary_large_image","twitter_misc":{"Tiempo de lectura":"1 minuto"},"schema":{"@context":"https:\/\/schema.org","@graph":[{"@type":"WebPage","@id":"https:\/\/beetrip.pro\/es\/nuestra-historia\/","url":"https:\/\/beetrip.pro\/es\/nuestra-historia\/","name":"Nuestra historia | BeeTrip - Software para profesionales del turismo","isPartOf":{"@id":"https:\/\/beetrip.pro\/es\/#website"},"primaryImageOfPage":{"@id":"https:\/\/beetrip.pro\/es\/nuestra-historia\/#primaryimage"},"image":{"@id":"https:\/\/beetrip.pro\/es\/nuestra-historia\/#primaryimage"},"thumbnailUrl":"https:\/\/beetrip.pro\/wp-content\/uploads\/2019\/09\/CRM-agence-de-voyage-sur-mesure-2-1200x803.jpg","datePublished":"2025-01-18T04:23:51+00:00","dateModified":"2025-01-18T04:23:54+00:00","description":"BeeTrip es una plataforma de software que ayuda a los profesionales y agencias de viajes a mejorar su productividad y gesti\u00f3n.","breadcrumb":{"@id":"https:\/\/beetrip.pro\/es\/nuestra-historia\/#breadcrumb"},"inLanguage":"es","potentialAction":[{"@type":"ReadAction","target":["https:\/\/beetrip.pro\/es\/nuestra-historia\/"]}]},{"@type":"ImageObject","inLanguage":"es","@id":"https:\/\/beetrip.pro\/es\/nuestra-historia\/#primaryimage","url":"https:\/\/beetrip.pro\/wp-content\/uploads\/2019\/09\/CRM-agence-de-voyage-sur-mesure-2-1200x803.jpg","contentUrl":"https:\/\/beetrip.pro\/wp-content\/uploads\/2019\/09\/CRM-agence-de-voyage-sur-mesure-2-1200x803.jpg"},{"@type":"BreadcrumbList","@id":"https:\/\/beetrip.pro\/es\/nuestra-historia\/#breadcrumb","itemListElement":[{"@type":"ListItem","position":1,"name":"Accueil","item":"https:\/\/beetrip.pro\/es\/"},{"@type":"ListItem","position":2,"name":"Nuestra historia"}]},{"@type":"WebSite","@id":"https:\/\/beetrip.pro\/es\/#website","url":"https:\/\/beetrip.pro\/es\/","name":"BeeTrip","description":"L&#039;outil simple pour faire des devis de voyage attrayants, et tellement rapidement !","publisher":{"@id":"https:\/\/beetrip.pro\/es\/#organization"},"potentialAction":[{"@type":"SearchAction","target":{"@type":"EntryPoint","urlTemplate":"https:\/\/beetrip.pro\/es\/?s={search_term_string}"},"query-input":{"@type":"PropertyValueSpecification","valueRequired":true,"valueName":"search_term_string"}}],"inLanguage":"es"},{"@type":"Organization","@id":"https:\/\/beetrip.pro\/es\/#organization","name":"BeeTrip","url":"https:\/\/beetrip.pro\/es\/","logo":{"@type":"ImageObject","inLanguage":"es","@id":"https:\/\/beetrip.pro\/es\/#\/schema\/logo\/image\/","url":"https:\/\/beetrip.pro\/wp-content\/uploads\/2017\/05\/Logo-BEETRIP-couleur.png","contentUrl":"https:\/\/beetrip.pro\/wp-content\/uploads\/2017\/05\/Logo-BEETRIP-couleur.png","width":1035,"height":440,"caption":"BeeTrip"},"image":{"@id":"https:\/\/beetrip.pro\/es\/#\/schema\/logo\/image\/"},"sameAs":["https:\/\/www.linkedin.com\/company\/beetrippro"]}]}},"_links":{"self":[{"href":"https:\/\/beetrip.pro\/es\/wp-json\/wp\/v2\/pages\/13422","targetHints":{"allow":["GET"]}}],"collection":[{"href":"https:\/\/beetrip.pro\/es\/wp-json\/wp\/v2\/pages"}],"about":[{"href":"https:\/\/beetrip.pro\/es\/wp-json\/wp\/v2\/types\/page"}],"author":[{"embeddable":true,"href":"https:\/\/beetrip.pro\/es\/wp-json\/wp\/v2\/users\/8"}],"replies":[{"embeddable":true,"href":"https:\/\/beetrip.pro\/es\/wp-json\/wp\/v2\/comments?post=13422"}],"version-history":[{"count":0,"href":"https:\/\/beetrip.pro\/es\/wp-json\/wp\/v2\/pages\/13422\/revisions"}],"wp:attachment":[{"href":"https:\/\/beetrip.pro\/es\/wp-json\/wp\/v2\/media?parent=13422"}],"curies":[{"name":"wp","href":"https:\/\/api.w.org\/{rel}","templated":true}]}}