{"id":13418,"date":"2025-01-18T05:20:04","date_gmt":"2025-01-18T04:20:04","guid":{"rendered":"https:\/\/beetrip.pro\/gracias\/"},"modified":"2025-01-18T05:20:07","modified_gmt":"2025-01-18T04:20:07","slug":"gracias","status":"publish","type":"page","link":"https:\/\/beetrip.pro\/es\/gracias\/","title":{"rendered":"Gracias"},"content":{"rendered":"\t\t<div data-elementor-type=\"wp-post\" data-elementor-id=\"13418\" class=\"elementor elementor-13418 elementor-2124\" data-elementor-post-type=\"page\">\n\t\t\t\t\t\t<section class=\"elementor-section elementor-top-section elementor-element elementor-element-36fa4d42 elementor-section-height-min-height elementor-section-boxed elementor-section-height-default elementor-section-items-middle\" data-id=\"36fa4d42\" data-element_type=\"section\" data-e-type=\"section\" data-settings=\"{&quot;background_background&quot;:&quot;classic&quot;,&quot;jet_parallax_layout_list&quot;:[]}\">\n\t\t\t\t\t\t\t<div class=\"elementor-background-overlay\"><\/div>\n\t\t\t\t\t\t\t<div class=\"elementor-container elementor-column-gap-default\">\n\t\t\t\t\t<div class=\"elementor-column elementor-col-100 elementor-top-column elementor-element elementor-element-2311d04c\" data-id=\"2311d04c\" data-element_type=\"column\" data-e-type=\"column\">\n\t\t\t<div class=\"elementor-widget-wrap elementor-element-populated\">\n\t\t\t\t\t\t<div class=\"elementor-element elementor-element-7035f9cc elementor-widget elementor-widget-heading\" data-id=\"7035f9cc\" data-element_type=\"widget\" data-e-type=\"widget\" data-widget_type=\"heading.default\">\n\t\t\t\t<div class=\"elementor-widget-container\">\n\t\t\t\t\t<h3 class=\"elementor-heading-title elementor-size-default\">Gracias por tu inter\u00e9s.<\/h3>\t\t\t\t<\/div>\n\t\t\t\t<\/div>\n\t\t\t\t<div class=\"elementor-element elementor-element-53780286 elementor-widget elementor-widget-heading\" data-id=\"53780286\" data-element_type=\"widget\" data-e-type=\"widget\" data-widget_type=\"heading.default\">\n\t\t\t\t<div class=\"elementor-widget-container\">\n\t\t\t\t\t<h4 class=\"elementor-heading-title elementor-size-default\">Nos pondremos en contacto contigo lo antes posible.<\/h4>\t\t\t\t<\/div>\n\t\t\t\t<\/div>\n\t\t\t\t\t<\/div>\n\t\t<\/div>\n\t\t\t\t\t<\/div>\n\t\t<\/section>\n\t\t\t\t<section class=\"elementor-section elementor-top-section elementor-element elementor-element-45296cf elementor-section-boxed elementor-section-height-default elementor-section-height-default\" data-id=\"45296cf\" data-element_type=\"section\" data-e-type=\"section\" data-settings=\"{&quot;jet_parallax_layout_list&quot;:[]}\">\n\t\t\t\t\t\t<div class=\"elementor-container elementor-column-gap-default\">\n\t\t\t\t\t<div class=\"elementor-column elementor-col-100 elementor-top-column elementor-element elementor-element-6c37d71\" data-id=\"6c37d71\" data-element_type=\"column\" data-e-type=\"column\">\n\t\t\t<div class=\"elementor-widget-wrap elementor-element-populated\">\n\t\t\t\t\t\t<div class=\"elementor-element elementor-element-241bb34 elementor-widget elementor-widget-spacer\" data-id=\"241bb34\" data-element_type=\"widget\" data-e-type=\"widget\" data-widget_type=\"spacer.default\">\n\t\t\t\t<div class=\"elementor-widget-container\">\n\t\t\t\t\t\t\t<div class=\"elementor-spacer\">\n\t\t\t<div class=\"elementor-spacer-inner\"><\/div>\n\t\t<\/div>\n\t\t\t\t\t\t<\/div>\n\t\t\t\t<\/div>\n\t\t\t\t<div class=\"elementor-element elementor-element-d4384bc elementor-widget elementor-widget-heading\" data-id=\"d4384bc\" data-element_type=\"widget\" data-e-type=\"widget\" data-widget_type=\"heading.default\">\n\t\t\t\t<div class=\"elementor-widget-container\">\n\t\t\t\t\t<h2 class=\"elementor-heading-title elementor-size-default\">Encuentra nuestros \u00faltimos art\u00edculos.<\/h2>\t\t\t\t<\/div>\n\t\t\t\t<\/div>\n\t\t\t\t<div class=\"elementor-element elementor-element-fd1f281 elementor-widget elementor-widget-spacer\" data-id=\"fd1f281\" data-element_type=\"widget\" data-e-type=\"widget\" data-widget_type=\"spacer.default\">\n\t\t\t\t<div class=\"elementor-widget-container\">\n\t\t\t\t\t\t\t<div class=\"elementor-spacer\">\n\t\t\t<div class=\"elementor-spacer-inner\"><\/div>\n\t\t<\/div>\n\t\t\t\t\t\t<\/div>\n\t\t\t\t<\/div>\n\t\t\t\t<div class=\"elementor-element elementor-element-9cd9d3d elementor-grid-3 elementor-grid-tablet-2 elementor-grid-mobile-1 elementor-posts--thumbnail-top elementor-card-shadow-yes elementor-posts__hover-gradient elementor-widget elementor-widget-posts\" data-id=\"9cd9d3d\" data-element_type=\"widget\" data-e-type=\"widget\" data-settings=\"{&quot;cards_columns&quot;:&quot;3&quot;,&quot;cards_columns_tablet&quot;:&quot;2&quot;,&quot;cards_columns_mobile&quot;:&quot;1&quot;,&quot;cards_row_gap&quot;:{&quot;unit&quot;:&quot;px&quot;,&quot;size&quot;:35,&quot;sizes&quot;:[]},&quot;cards_row_gap_tablet&quot;:{&quot;unit&quot;:&quot;px&quot;,&quot;size&quot;:&quot;&quot;,&quot;sizes&quot;:[]},&quot;cards_row_gap_mobile&quot;:{&quot;unit&quot;:&quot;px&quot;,&quot;size&quot;:&quot;&quot;,&quot;sizes&quot;:[]}}\" data-widget_type=\"posts.cards\">\n\t\t\t\t<div class=\"elementor-widget-container\">\n\t\t\t\t\t\t\t<div class=\"elementor-posts-container elementor-posts elementor-posts--skin-cards elementor-grid\" role=\"list\">\n\t\t\t\t<article class=\"elementor-post elementor-grid-item post-16198 post type-post status-publish format-standard has-post-thumbnail hentry category-fonctionnalites\" role=\"listitem\">\n\t\t\t<div class=\"elementor-post__card\">\n\t\t\t\t<a class=\"elementor-post__thumbnail__link\" href=\"https:\/\/beetrip.pro\/es\/content-chatbot-ai-assistant-redaction-voyage\/\" tabindex=\"-1\" ><div class=\"elementor-post__thumbnail\"><img fetchpriority=\"high\" decoding=\"async\" width=\"1200\" height=\"781\" src=\"https:\/\/beetrip.pro\/wp-content\/uploads\/2025\/07\/Trip-builder-CRM-agence-de-voyage-5-1200x781.jpg\" class=\"attachment-medium size-medium wp-image-15612\" alt=\"\" srcset=\"https:\/\/beetrip.pro\/wp-content\/uploads\/2025\/07\/Trip-builder-CRM-agence-de-voyage-5-1200x781.jpg 1200w, https:\/\/beetrip.pro\/wp-content\/uploads\/2025\/07\/Trip-builder-CRM-agence-de-voyage-5-768x500.jpg 768w, https:\/\/beetrip.pro\/wp-content\/uploads\/2025\/07\/Trip-builder-CRM-agence-de-voyage-5-1536x999.jpg 1536w, https:\/\/beetrip.pro\/wp-content\/uploads\/2025\/07\/Trip-builder-CRM-agence-de-voyage-5-1320x859.jpg 1320w, https:\/\/beetrip.pro\/wp-content\/uploads\/2025\/07\/Trip-builder-CRM-agence-de-voyage-5.jpg 1920w\" sizes=\"(max-width: 1200px) 100vw, 1200px\" \/><\/div><\/a>\n\t\t\t\t<div class=\"elementor-post__text\">\n\t\t\t\t<h3 class=\"elementor-post__title\">\n\t\t\t<a href=\"https:\/\/beetrip.pro\/es\/content-chatbot-ai-assistant-redaction-voyage\/\" >\n\t\t\t\tL\u2019AI Content Chatbot \u2014 Votre nouvel assistant de r\u00e9daction intelligent\t\t\t<\/a>\n\t\t<\/h3>\n\t\t\t\t<div class=\"elementor-post__excerpt\">\n\t\t\t<p>BeeTrip franchit une nouvelle \u00e9tape avec sa premi\u00e8re fonctionnalit\u00e9 d\u2019intelligence artificielle int\u00e9gr\u00e9e : l\u2019AI Content Chatbot. Con\u00e7u sp\u00e9cialement pour les m\u00e9tiers du voyage, cet assistant<\/p>\n\t\t<\/div>\n\t\t\n\t\t<a class=\"elementor-post__read-more\" href=\"https:\/\/beetrip.pro\/es\/content-chatbot-ai-assistant-redaction-voyage\/\" aria-label=\"M\u00e1s informaci\u00f3n sobre L\u2019AI Content Chatbot \u2014 Votre nouvel assistant de r\u00e9daction intelligent\" tabindex=\"-1\" >\n\t\t\tLeer m\u00e1s \u00bb\t\t<\/a>\n\n\t\t\t\t<\/div>\n\t\t\t\t<div class=\"elementor-post__meta-data\">\n\t\t\t\t\t<span class=\"elementor-post-date\">\n\t\t\t12 de noviembre de 2025\t\t<\/span>\n\t\t\t\t<\/div>\n\t\t\t\t\t<\/div>\n\t\t<\/article>\n\t\t\t\t<article class=\"elementor-post elementor-grid-item post-16058 post type-post status-publish format-standard has-post-thumbnail hentry category-fonctionnalites\" role=\"listitem\">\n\t\t\t<div class=\"elementor-post__card\">\n\t\t\t\t<a class=\"elementor-post__thumbnail__link\" href=\"https:\/\/beetrip.pro\/es\/creer-voyage-petits-groupes-en-ligne\/\" tabindex=\"-1\" ><div class=\"elementor-post__thumbnail\"><img decoding=\"async\" width=\"1200\" height=\"797\" src=\"https:\/\/beetrip.pro\/wp-content\/uploads\/2025\/09\/spvhcbuki6e-1200x797.jpg\" class=\"attachment-medium size-medium wp-image-16059\" alt=\"woman holding silver iPhone 6\" srcset=\"https:\/\/beetrip.pro\/wp-content\/uploads\/2025\/09\/spvhcbuki6e-1200x797.jpg 1200w, https:\/\/beetrip.pro\/wp-content\/uploads\/2025\/09\/spvhcbuki6e-768x510.jpg 768w, https:\/\/beetrip.pro\/wp-content\/uploads\/2025\/09\/spvhcbuki6e-1536x1020.jpg 1536w, https:\/\/beetrip.pro\/wp-content\/uploads\/2025\/09\/spvhcbuki6e-1320x877.jpg 1320w, https:\/\/beetrip.pro\/wp-content\/uploads\/2025\/09\/spvhcbuki6e.jpg 1600w\" sizes=\"(max-width: 1200px) 100vw, 1200px\" \/><\/div><\/a>\n\t\t\t\t<div class=\"elementor-post__text\">\n\t\t\t\t<h3 class=\"elementor-post__title\">\n\t\t\t<a href=\"https:\/\/beetrip.pro\/es\/creer-voyage-petits-groupes-en-ligne\/\" >\n\t\t\t\tCr\u00e9ez vos voyages en petits groupes avec d\u00e9parts et r\u00e9servations en ligne sur BeeTrip\t\t\t<\/a>\n\t\t<\/h3>\n\t\t\t\t<div class=\"elementor-post__excerpt\">\n\t\t\t<p>Cr\u00e9ez et vendez vos voyages en petits groupes ! Vous souhaitez proposer des s\u00e9jours exclusifs en petits groupes, avec des d\u00e9parts programm\u00e9s et une r\u00e9servation<\/p>\n\t\t<\/div>\n\t\t\n\t\t<a class=\"elementor-post__read-more\" href=\"https:\/\/beetrip.pro\/es\/creer-voyage-petits-groupes-en-ligne\/\" aria-label=\"M\u00e1s informaci\u00f3n sobre Cr\u00e9ez vos voyages en petits groupes avec d\u00e9parts et r\u00e9servations en ligne sur BeeTrip\" tabindex=\"-1\" >\n\t\t\tLeer m\u00e1s \u00bb\t\t<\/a>\n\n\t\t\t\t<\/div>\n\t\t\t\t<div class=\"elementor-post__meta-data\">\n\t\t\t\t\t<span class=\"elementor-post-date\">\n\t\t\t25 de septiembre de 2025\t\t<\/span>\n\t\t\t\t<\/div>\n\t\t\t\t\t<\/div>\n\t\t<\/article>\n\t\t\t\t<article class=\"elementor-post elementor-grid-item post-15894 post type-post status-publish format-standard has-post-thumbnail hentry category-fonctionnalites\" role=\"listitem\">\n\t\t\t<div class=\"elementor-post__card\">\n\t\t\t\t<a class=\"elementor-post__thumbnail__link\" href=\"https:\/\/beetrip.pro\/es\/mini-boutique-paiement-agences-voyage\/\" tabindex=\"-1\" ><div class=\"elementor-post__thumbnail\"><img decoding=\"async\" width=\"1200\" height=\"675\" src=\"https:\/\/beetrip.pro\/wp-content\/uploads\/2025\/09\/1jnn9qhmtgu-1200x675.jpg\" class=\"attachment-medium size-medium wp-image-15895\" alt=\"a woman sitting at a table looking at her cell phone\" srcset=\"https:\/\/beetrip.pro\/wp-content\/uploads\/2025\/09\/1jnn9qhmtgu-1200x675.jpg 1200w, https:\/\/beetrip.pro\/wp-content\/uploads\/2025\/09\/1jnn9qhmtgu-768x432.jpg 768w, https:\/\/beetrip.pro\/wp-content\/uploads\/2025\/09\/1jnn9qhmtgu-1536x864.jpg 1536w, https:\/\/beetrip.pro\/wp-content\/uploads\/2025\/09\/1jnn9qhmtgu-1320x743.jpg 1320w, https:\/\/beetrip.pro\/wp-content\/uploads\/2025\/09\/1jnn9qhmtgu.jpg 1600w\" sizes=\"(max-width: 1200px) 100vw, 1200px\" \/><\/div><\/a>\n\t\t\t\t<div class=\"elementor-post__text\">\n\t\t\t\t<h3 class=\"elementor-post__title\">\n\t\t\t<a href=\"https:\/\/beetrip.pro\/es\/mini-boutique-paiement-agences-voyage\/\" >\n\t\t\t\tMini-boutique et liens de paiement pour agences de voyage\t\t\t<\/a>\n\t\t<\/h3>\n\t\t\t\t<div class=\"elementor-post__excerpt\">\n\t\t\t<p>Dans un secteur o\u00f9 la r\u00e9activit\u00e9 et la simplicit\u00e9 sont essentielles, les agences de voyage cherchent des solutions modernes pour encaisser rapidement leurs clients et<\/p>\n\t\t<\/div>\n\t\t\n\t\t<a class=\"elementor-post__read-more\" href=\"https:\/\/beetrip.pro\/es\/mini-boutique-paiement-agences-voyage\/\" aria-label=\"M\u00e1s informaci\u00f3n sobre Mini-boutique et liens de paiement pour agences de voyage\" tabindex=\"-1\" >\n\t\t\tLeer m\u00e1s \u00bb\t\t<\/a>\n\n\t\t\t\t<\/div>\n\t\t\t\t<div class=\"elementor-post__meta-data\">\n\t\t\t\t\t<span class=\"elementor-post-date\">\n\t\t\t2 de septiembre de 2025\t\t<\/span>\n\t\t\t\t<\/div>\n\t\t\t\t\t<\/div>\n\t\t<\/article>\n\t\t\t\t<\/div>\n\t\t\n\t\t\t\t\t\t<\/div>\n\t\t\t\t<\/div>\n\t\t\t\t\t<\/div>\n\t\t<\/div>\n\t\t\t\t\t<\/div>\n\t\t<\/section>\n\t\t\t\t<section class=\"elementor-section elementor-top-section elementor-element elementor-element-6428577 elementor-section-boxed elementor-section-height-default elementor-section-height-default\" data-id=\"6428577\" data-element_type=\"section\" data-e-type=\"section\" data-settings=\"{&quot;jet_parallax_layout_list&quot;:[]}\">\n\t\t\t\t\t\t<div class=\"elementor-container elementor-column-gap-default\">\n\t\t\t\t\t<div class=\"elementor-column elementor-col-100 elementor-top-column elementor-element elementor-element-41f109b\" data-id=\"41f109b\" data-element_type=\"column\" data-e-type=\"column\">\n\t\t\t<div class=\"elementor-widget-wrap elementor-element-populated\">\n\t\t\t\t\t\t<div class=\"elementor-element elementor-element-58b704f elementor-widget elementor-widget-spacer\" data-id=\"58b704f\" data-element_type=\"widget\" data-e-type=\"widget\" data-widget_type=\"spacer.default\">\n\t\t\t\t<div class=\"elementor-widget-container\">\n\t\t\t\t\t\t\t<div class=\"elementor-spacer\">\n\t\t\t<div class=\"elementor-spacer-inner\"><\/div>\n\t\t<\/div>\n\t\t\t\t\t\t<\/div>\n\t\t\t\t<\/div>\n\t\t\t\t\t<\/div>\n\t\t<\/div>\n\t\t\t\t\t<\/div>\n\t\t<\/section>\n\t\t\t\t<\/div>\n\t\t","protected":false},"excerpt":{"rendered":"<p>Gracias por tu inter\u00e9s. Nos pondremos en contacto contigo lo antes posible. Encuentra nuestros \u00faltimos art\u00edculos.<\/p>\n","protected":false},"author":8,"featured_media":13246,"parent":0,"menu_order":0,"comment_status":"closed","ping_status":"closed","template":"elementor_header_footer","meta":{"content-type":"","footnotes":""},"class_list":["post-13418","page","type-page","status-publish","has-post-thumbnail","hentry"],"yoast_head":"<!-- This site is optimized with the Yoast SEO plugin v27.3 - https:\/\/yoast.com\/product\/yoast-seo-wordpress\/ -->\n<title>Gracias<\/title>\n<meta name=\"description\" content=\"Gracias por tu solicitud de demostraci\u00f3n.\" \/>\n<meta name=\"robots\" content=\"index, follow, max-snippet:-1, max-image-preview:large, max-video-preview:-1\" \/>\n<link rel=\"canonical\" href=\"https:\/\/beetrip.pro\/es\/gracias\/\" \/>\n<meta property=\"og:locale\" content=\"es_ES\" \/>\n<meta property=\"og:type\" content=\"article\" \/>\n<meta property=\"og:title\" content=\"Gracias\" \/>\n<meta property=\"og:description\" content=\"Gracias por tu solicitud de demostraci\u00f3n.\" \/>\n<meta property=\"og:url\" content=\"https:\/\/beetrip.pro\/es\/gracias\/\" \/>\n<meta property=\"og:site_name\" content=\"BeeTrip\" \/>\n<meta property=\"article:modified_time\" content=\"2025-01-18T04:20:07+00:00\" \/>\n<meta property=\"og:image\" content=\"https:\/\/beetrip.pro\/wp-content\/uploads\/2019\/08\/Image-mise-en-avant-pages-Wordpress.jpg\" \/>\n\t<meta property=\"og:image:width\" content=\"1200\" \/>\n\t<meta property=\"og:image:height\" content=\"600\" \/>\n\t<meta property=\"og:image:type\" content=\"image\/jpeg\" \/>\n<meta name=\"twitter:card\" content=\"summary_large_image\" \/>\n<script type=\"application\/ld+json\" class=\"yoast-schema-graph\">{\"@context\":\"https:\\\/\\\/schema.org\",\"@graph\":[{\"@type\":\"WebPage\",\"@id\":\"https:\\\/\\\/beetrip.pro\\\/es\\\/gracias\\\/\",\"url\":\"https:\\\/\\\/beetrip.pro\\\/es\\\/gracias\\\/\",\"name\":\"Gracias\",\"isPartOf\":{\"@id\":\"https:\\\/\\\/beetrip.pro\\\/es\\\/#website\"},\"primaryImageOfPage\":{\"@id\":\"https:\\\/\\\/beetrip.pro\\\/es\\\/gracias\\\/#primaryimage\"},\"image\":{\"@id\":\"https:\\\/\\\/beetrip.pro\\\/es\\\/gracias\\\/#primaryimage\"},\"thumbnailUrl\":\"https:\\\/\\\/beetrip.pro\\\/wp-content\\\/uploads\\\/2019\\\/08\\\/Image-mise-en-avant-pages-Wordpress.jpg\",\"datePublished\":\"2025-01-18T04:20:04+00:00\",\"dateModified\":\"2025-01-18T04:20:07+00:00\",\"description\":\"Gracias por tu solicitud de demostraci\u00f3n.\",\"breadcrumb\":{\"@id\":\"https:\\\/\\\/beetrip.pro\\\/es\\\/gracias\\\/#breadcrumb\"},\"inLanguage\":\"es\",\"potentialAction\":[{\"@type\":\"ReadAction\",\"target\":[\"https:\\\/\\\/beetrip.pro\\\/es\\\/gracias\\\/\"]}]},{\"@type\":\"ImageObject\",\"inLanguage\":\"es\",\"@id\":\"https:\\\/\\\/beetrip.pro\\\/es\\\/gracias\\\/#primaryimage\",\"url\":\"https:\\\/\\\/beetrip.pro\\\/wp-content\\\/uploads\\\/2019\\\/08\\\/Image-mise-en-avant-pages-Wordpress.jpg\",\"contentUrl\":\"https:\\\/\\\/beetrip.pro\\\/wp-content\\\/uploads\\\/2019\\\/08\\\/Image-mise-en-avant-pages-Wordpress.jpg\",\"width\":1200,\"height\":600},{\"@type\":\"BreadcrumbList\",\"@id\":\"https:\\\/\\\/beetrip.pro\\\/es\\\/gracias\\\/#breadcrumb\",\"itemListElement\":[{\"@type\":\"ListItem\",\"position\":1,\"name\":\"Accueil\",\"item\":\"https:\\\/\\\/beetrip.pro\\\/es\\\/\"},{\"@type\":\"ListItem\",\"position\":2,\"name\":\"Gracias\"}]},{\"@type\":\"WebSite\",\"@id\":\"https:\\\/\\\/beetrip.pro\\\/es\\\/#website\",\"url\":\"https:\\\/\\\/beetrip.pro\\\/es\\\/\",\"name\":\"BeeTrip\",\"description\":\"L&#039;outil simple pour faire des devis de voyage attrayants, et tellement rapidement !\",\"publisher\":{\"@id\":\"https:\\\/\\\/beetrip.pro\\\/es\\\/#organization\"},\"potentialAction\":[{\"@type\":\"SearchAction\",\"target\":{\"@type\":\"EntryPoint\",\"urlTemplate\":\"https:\\\/\\\/beetrip.pro\\\/es\\\/?s={search_term_string}\"},\"query-input\":{\"@type\":\"PropertyValueSpecification\",\"valueRequired\":true,\"valueName\":\"search_term_string\"}}],\"inLanguage\":\"es\"},{\"@type\":\"Organization\",\"@id\":\"https:\\\/\\\/beetrip.pro\\\/es\\\/#organization\",\"name\":\"BeeTrip\",\"url\":\"https:\\\/\\\/beetrip.pro\\\/es\\\/\",\"logo\":{\"@type\":\"ImageObject\",\"inLanguage\":\"es\",\"@id\":\"https:\\\/\\\/beetrip.pro\\\/es\\\/#\\\/schema\\\/logo\\\/image\\\/\",\"url\":\"https:\\\/\\\/beetrip.pro\\\/wp-content\\\/uploads\\\/2017\\\/05\\\/Logo-BEETRIP-couleur.png\",\"contentUrl\":\"https:\\\/\\\/beetrip.pro\\\/wp-content\\\/uploads\\\/2017\\\/05\\\/Logo-BEETRIP-couleur.png\",\"width\":1035,\"height\":440,\"caption\":\"BeeTrip\"},\"image\":{\"@id\":\"https:\\\/\\\/beetrip.pro\\\/es\\\/#\\\/schema\\\/logo\\\/image\\\/\"},\"sameAs\":[\"https:\\\/\\\/www.linkedin.com\\\/company\\\/beetrippro\"]}]}<\/script>\n<!-- \/ Yoast SEO plugin. -->","yoast_head_json":{"title":"Gracias","description":"Gracias por tu solicitud de demostraci\u00f3n.","robots":{"index":"index","follow":"follow","max-snippet":"max-snippet:-1","max-image-preview":"max-image-preview:large","max-video-preview":"max-video-preview:-1"},"canonical":"https:\/\/beetrip.pro\/es\/gracias\/","og_locale":"es_ES","og_type":"article","og_title":"Gracias","og_description":"Gracias por tu solicitud de demostraci\u00f3n.","og_url":"https:\/\/beetrip.pro\/es\/gracias\/","og_site_name":"BeeTrip","article_modified_time":"2025-01-18T04:20:07+00:00","og_image":[{"width":1200,"height":600,"url":"https:\/\/beetrip.pro\/wp-content\/uploads\/2019\/08\/Image-mise-en-avant-pages-Wordpress.jpg","type":"image\/jpeg"}],"twitter_card":"summary_large_image","schema":{"@context":"https:\/\/schema.org","@graph":[{"@type":"WebPage","@id":"https:\/\/beetrip.pro\/es\/gracias\/","url":"https:\/\/beetrip.pro\/es\/gracias\/","name":"Gracias","isPartOf":{"@id":"https:\/\/beetrip.pro\/es\/#website"},"primaryImageOfPage":{"@id":"https:\/\/beetrip.pro\/es\/gracias\/#primaryimage"},"image":{"@id":"https:\/\/beetrip.pro\/es\/gracias\/#primaryimage"},"thumbnailUrl":"https:\/\/beetrip.pro\/wp-content\/uploads\/2019\/08\/Image-mise-en-avant-pages-Wordpress.jpg","datePublished":"2025-01-18T04:20:04+00:00","dateModified":"2025-01-18T04:20:07+00:00","description":"Gracias por tu solicitud de demostraci\u00f3n.","breadcrumb":{"@id":"https:\/\/beetrip.pro\/es\/gracias\/#breadcrumb"},"inLanguage":"es","potentialAction":[{"@type":"ReadAction","target":["https:\/\/beetrip.pro\/es\/gracias\/"]}]},{"@type":"ImageObject","inLanguage":"es","@id":"https:\/\/beetrip.pro\/es\/gracias\/#primaryimage","url":"https:\/\/beetrip.pro\/wp-content\/uploads\/2019\/08\/Image-mise-en-avant-pages-Wordpress.jpg","contentUrl":"https:\/\/beetrip.pro\/wp-content\/uploads\/2019\/08\/Image-mise-en-avant-pages-Wordpress.jpg","width":1200,"height":600},{"@type":"BreadcrumbList","@id":"https:\/\/beetrip.pro\/es\/gracias\/#breadcrumb","itemListElement":[{"@type":"ListItem","position":1,"name":"Accueil","item":"https:\/\/beetrip.pro\/es\/"},{"@type":"ListItem","position":2,"name":"Gracias"}]},{"@type":"WebSite","@id":"https:\/\/beetrip.pro\/es\/#website","url":"https:\/\/beetrip.pro\/es\/","name":"BeeTrip","description":"L&#039;outil simple pour faire des devis de voyage attrayants, et tellement rapidement !","publisher":{"@id":"https:\/\/beetrip.pro\/es\/#organization"},"potentialAction":[{"@type":"SearchAction","target":{"@type":"EntryPoint","urlTemplate":"https:\/\/beetrip.pro\/es\/?s={search_term_string}"},"query-input":{"@type":"PropertyValueSpecification","valueRequired":true,"valueName":"search_term_string"}}],"inLanguage":"es"},{"@type":"Organization","@id":"https:\/\/beetrip.pro\/es\/#organization","name":"BeeTrip","url":"https:\/\/beetrip.pro\/es\/","logo":{"@type":"ImageObject","inLanguage":"es","@id":"https:\/\/beetrip.pro\/es\/#\/schema\/logo\/image\/","url":"https:\/\/beetrip.pro\/wp-content\/uploads\/2017\/05\/Logo-BEETRIP-couleur.png","contentUrl":"https:\/\/beetrip.pro\/wp-content\/uploads\/2017\/05\/Logo-BEETRIP-couleur.png","width":1035,"height":440,"caption":"BeeTrip"},"image":{"@id":"https:\/\/beetrip.pro\/es\/#\/schema\/logo\/image\/"},"sameAs":["https:\/\/www.linkedin.com\/company\/beetrippro"]}]}},"_links":{"self":[{"href":"https:\/\/beetrip.pro\/es\/wp-json\/wp\/v2\/pages\/13418","targetHints":{"allow":["GET"]}}],"collection":[{"href":"https:\/\/beetrip.pro\/es\/wp-json\/wp\/v2\/pages"}],"about":[{"href":"https:\/\/beetrip.pro\/es\/wp-json\/wp\/v2\/types\/page"}],"author":[{"embeddable":true,"href":"https:\/\/beetrip.pro\/es\/wp-json\/wp\/v2\/users\/8"}],"replies":[{"embeddable":true,"href":"https:\/\/beetrip.pro\/es\/wp-json\/wp\/v2\/comments?post=13418"}],"version-history":[{"count":0,"href":"https:\/\/beetrip.pro\/es\/wp-json\/wp\/v2\/pages\/13418\/revisions"}],"wp:featuredmedia":[{"embeddable":true,"href":"https:\/\/beetrip.pro\/es\/wp-json\/wp\/v2\/media\/13246"}],"wp:attachment":[{"href":"https:\/\/beetrip.pro\/es\/wp-json\/wp\/v2\/media?parent=13418"}],"curies":[{"name":"wp","href":"https:\/\/api.w.org\/{rel}","templated":true}]}}